{"id":13542,"date":"2023-12-12T17:56:58","date_gmt":"2023-12-12T16:56:58","guid":{"rendered":"https:\/\/archas-wp.com\/privacy-policy\/"},"modified":"2024-03-04T18:02:29","modified_gmt":"2024-03-04T17:02:29","slug":"privacy-policy","status":"publish","type":"page","link":"https:\/\/egoluce.com\/de\/privacy-policy\/","title":{"rendered":"Privacy Policy"},"content":{"rendered":"<h3>Diese Anwendung sammelt einige personenbezogene Daten von ihren Benutzern.<\/h3>\n<h3>Datencontroller<\/h3>\n<p>EGOLUCE srl<\/p>\n<p>via Newton 12 20016 Pero MI<\/p>\n<p>webmaster@egoluce.com<\/p>\n<h3>Arten der erfassten Daten<\/h3>\n<p>Der Eigent\u00fcmer stellt keine Liste der Arten der erfassten personenbezogenen Daten zur Verf\u00fcgung.<br \/>\nWeitere erfasste personenbezogene Daten k\u00f6nnen in anderen Abschnitten dieser Datenschutzrichtlinie oder durch Informationstexte angegeben werden, die zusammen mit der Erfassung der Daten selbst angezeigt werden.<br \/>\nPersonenbezogene Daten k\u00f6nnen vom Benutzer freiwillig eingegeben oder w\u00e4hrend der Nutzung dieser Anwendung automatisch erfasst werden.<br \/>\nJegliche Verwendung von Cookies \u2013 oder anderen Tracking-Tools \u2013 durch diese Anwendung oder durch die Eigent\u00fcmer von Drittanbieterdiensten, die von dieser Anwendung genutzt werden, dient, sofern nicht anders angegeben, der Identifizierung des Benutzers und der Aufzeichnung der entsprechenden Pr\u00e4ferenzen f\u00fcr Zwecke, die eng mit der Bereitstellung verbunden sind des vom Benutzer angeforderten Dienstes.<br \/>\nWenn der Benutzer einige personenbezogene Daten nicht bereitstellt, kann diese Anwendung m\u00f6glicherweise die Bereitstellung ihrer Dienste verhindern.<br \/>\nDer Benutzer \u00fcbernimmt die Verantwortung f\u00fcr die personenbezogenen Daten Dritter, die \u00fcber diese Anwendung ver\u00f6ffentlicht oder weitergegeben werden, und garantiert, dass er das Recht hat, diese mitzuteilen oder zu verbreiten, wodurch der Eigent\u00fcmer von jeglicher Haftung gegen\u00fcber Dritten befreit wird.<\/p>\n<h3>Art und Ort der Verarbeitung der erhobenen Daten<\/h3>\n<h4>Behandlungsmethoden<\/h4>\n<p>Der Eigent\u00fcmer verarbeitet die personenbezogenen Daten der Benutzer, indem er geeignete Sicherheitsma\u00dfnahmen ergreift, um den unbefugten Zugriff, die Offenlegung, \u00c4nderung oder Zerst\u00f6rung der personenbezogenen Daten zu verhindern.<br \/>\nDie Verarbeitung erfolgt mithilfe von IT- und\/oder Telematik-Tools, mit organisatorischen Methoden und mit einer Logik, die eng mit den angegebenen Zwecken verbunden ist. Zus\u00e4tzlich zum Datenverantwortlichen k\u00f6nnen in manchen F\u00e4llen auch Kategorien von Verantwortlichen f\u00fcr die Organisation der Website (Verwaltung, Handel, Marketing, Rechtswesen, Systemadministratoren) oder externe Parteien (z. B. externe Anbieter technischer Dienstleistungen, Postkuriere) hinzugezogen werden , Hosting-Anbieter, IT-Unternehmen, Kommunikationsagenturen), die vom Datenverantwortlichen gegebenenfalls auch als Datenverarbeiter ernannt werden. Die aktualisierte Liste der Manager kann jederzeit beim Datenverantwortlichen angefordert werden.<\/p>\n<h4>Ort<\/h4>\n<p>Die Daten werden in den Betriebsb\u00fcros des Eigent\u00fcmers und an jedem anderen Ort verarbeitet, an dem sich die an der Verarbeitung beteiligten Parteien befinden. F\u00fcr weitere Informationen wenden Sie sich bitte an den Eigent\u00fcmer.<\/p>\n<h4>Mal<\/h4>\n<p>Die Daten werden f\u00fcr die Zeit verarbeitet, die zur Erbringung der vom Benutzer angeforderten Dienstleistung oder f\u00fcr die in diesem Dokument beschriebenen Zwecke erforderlich ist, und der Benutzer kann jederzeit die Unterbrechung der Verarbeitung oder die L\u00f6schung der Daten verlangen.<\/p>\n<h4>Zweck der Verarbeitung der erhobenen Daten<\/h4>\n<p>Die Daten des Nutzers werden gesammelt, um dem Eigent\u00fcmer die Bereitstellung seiner Dienste zu erm\u00f6glichen, sowie f\u00fcr die folgenden Zwecke: Verwaltung von Adressen und Versenden von E-Mail-Nachrichten.<br \/>\nDie f\u00fcr den jeweiligen Zweck verwendeten Arten personenbezogener Daten sind in den jeweiligen Abschnitten dieses Dokuments angegeben.<\/p>\n<h4>Einzelheiten zur Verarbeitung personenbezogener Daten<\/h4>\n<p>Personenbezogene Daten werden f\u00fcr die folgenden Zwecke und unter Verwendung der folgenden Dienste erhoben:<\/p>\n<h4>Analytics<\/h4>\n<ul>\n<li>Google Analytics<br \/>\nPersonal Data: Cookie and Usage data<br \/>\nhttps:\/\/www.google.it\/policies\/privacy\/partners\/<br \/>\nhttps:\/\/tools.google.com\/dlpage\/gaoptout.<br \/>\nAnalytics collected directly<br \/>\nPersonal Data: Cookie and Usage data<br \/>\nContacting the User<br \/>\nMailing List or Newsletter<br \/>\nPersonal Data: Country, Email address, First Name, Last Name, Profession and Province<br \/>\nContact form<br \/>\nPersonal Data: Company name, Email address, First Name and Last Name<br \/>\nRegistration and authentication<br \/>\nDirect registration<br \/>\nPersonal Data: Address, City, Company name, Country, Email address, Fax number, First Name, Last Name, Password, Phone number, Profession, Province, State, Username, ZIP\/Postal code<br \/>\nInteraction with external social networks and platforms<br \/>\nGoogle+ +1 button and social widgets<br \/>\nPersonal Data: Cookie and Usage data<br \/>\nGoogle Inc. USA &#8211; Privacy Policy &#8211; Opt in<br \/>\nFacebook Like button and social widgets<br \/>\nPersonal Data: Cookie and Usage data<br \/>\nFacebook USA &#8211; Privacy Policy &#8211; More Info<br \/>\nDisplaying content from external platforms<br \/>\nGoogle Fonts<br \/>\nPersonal Data: Cookie and Usage data<br \/>\nGoogle Maps widget<br \/>\nPersonal Data: Cookie and Usage data<br \/>\nYoutube video widget<br \/>\nPersonal Data: Usage data<br \/>\nGestione database di utenti<br \/>\nHubspot CRM, Hubspot Lead Management<br \/>\nHubspot CRM e Hubspot Lead Management sono servizi distribuiti da Hubspot Inc. che utilizziamo per costruire profili utenti grazie ai dati personali inseriti dai nostri utenti ed alle loro attivit\u00e0 all&#8217;interno del nostro sito web. Questi dati raccolti potrebbero essere utilizzati per inviare e-mail programmate basate su comportamenti specifici dei nostri utenti all&#8217;interno delle pagine del nostro sito web.<br \/>\nDati personali raccolti: nome, cognome, indirizzo e-mail e varie tipologie di dati.<br \/>\nLuogo del trattamento: USA<br \/>\nhttps:\/\/legal.hubspot.com\/privacy-policy<\/li>\n<\/ul>\n<h4>Cookies deaktivieren<\/h4>\n<p>Durch die Deaktivierung einiger Cookies k\u00f6nnte die ordnungsgem\u00e4\u00dfe Funktion der Website und die Anzeige einiger Seiten beeintr\u00e4chtigt werden!<\/p>\n<h4>So deaktivieren Sie Cookies durch die Konfiguration Ihres Browsers<\/h4>\n<p><strong>Chrome<\/strong><\/p>\n<ul>\n<li>F\u00fchren Sie den Chrome-Browser aus<\/li>\n<li>Klicken Sie zur Navigation auf das Men\u00fc in der Browser-Symbolleiste neben dem URL-Eingabefenster<\/li>\n<li>Einstellungen ausw\u00e4hlen<\/li>\n<li>Klicken Sie auf Erweiterte Einstellungen anzeigen<\/li>\n<li>Klicken Sie im Bereich \u201eDatenschutz\u201c auf die Schaltfl\u00e4che \u201eInhaltseinstellungen\u201c.<\/li>\n<li>Im Bereich \u201eCookies\u201c k\u00f6nnen Sie folgende Cookie-Einstellungen \u00e4ndern:\n<ul>\n<li>Erm\u00f6glichen Sie die lokale Speicherung von Daten<\/li>\n<li>\u00c4ndern Sie lokale Daten nur, bis der Browser geschlossen wird<\/li>\n<li>Verhindern Sie, dass Websites Cookies setzen<\/li>\n<li>Blockieren Sie Cookies von Drittanbietern und Standortdaten<\/li>\n<li>Verwalten Sie Ausnahmen f\u00fcr einige Websites<\/li>\n<li>L\u00f6schen eines oder aller Cookies<\/li>\n<li>Weitere Informationen finden Sie auf der entsprechenden Seite.<\/li>\n<\/ul>\n<\/li>\n<\/ul>\n<p><strong>Mozilla Firefox<\/strong><\/p>\n<ul>\n<li>F\u00fchren Sie den Mozilla Firefox-Browser aus<\/li>\n<li>Klicken Sie zur Navigation auf das Men\u00fc in der Browser-Symbolleiste neben dem URL-Eingabefenster<\/li>\n<li>Optionen w\u00e4hlen<\/li>\n<li>W\u00e4hlen Sie den Bereich \u201eDatenschutz\u201c.<\/li>\n<li>Klicken Sie auf Erweiterte Einstellungen anzeigen<\/li>\n<li>Klicken Sie im Bereich \u201eDatenschutz\u201c auf die Schaltfl\u00e4che \u201eInhaltseinstellungen\u201c.<\/li>\n<li>Im Bereich \u201eTracking\u201c k\u00f6nnen Sie folgende Cookie-Einstellungen \u00e4ndern:\n<ul>\n<li>Fordern Sie Websites auf, kein Tracking durchzuf\u00fchren<\/li>\n<li>Teilen Sie den Websites Ihre Verf\u00fcgbarkeit mit, die verfolgt werden soll<\/li>\n<li>Teilen Sie keine Pr\u00e4ferenzen hinsichtlich der Verfolgung personenbezogener Daten mit<\/li>\n<li>Im Abschnitt \u201eVerlauf\u201c k\u00f6nnen Sie:<\/li>\n<li>Durch die Aktivierung von \u201ePersonalisierte Einstellungen verwenden\u201c w\u00e4hlen Sie aus, ob Sie Cookies von Drittanbietern akzeptieren (immer von den am h\u00e4ufigsten besuchten Websites oder nie) und sie f\u00fcr einen bestimmten Zeitraum aufbewahren m\u00f6chten (bis sie ablaufen, wenn Firefox geschlossen wird oder jedes Mal gefragt wird).<\/li>\n<li>Einzelne gespeicherte Cookies entfernen<\/li>\n<li>Weitere Informationen finden Sie auf der entsprechenden Seite.<\/li>\n<\/ul>\n<\/li>\n<\/ul>\n<p><strong>Internet Explorer<\/strong><\/p>\n<ul>\n<li>F\u00fchren Sie den Internet Explorer-Browser aus<\/li>\n<li>Klicken Sie auf die Schaltfl\u00e4che \u201eExtras\u201c und w\u00e4hlen Sie \u201eInternetoptionen\u201c.<\/li>\n<li>Klicken Sie auf die Registerkarte \u201eDatenschutz\u201c und \u00e4ndern Sie im Abschnitt \u201eEinstellungen\u201c den Schieberegler entsprechend der gew\u00fcnschten Aktion f\u00fcr Cookies:\n<ul>\n<li>Blockieren Sie alle Cookies<\/li>\n<li>Alle Cookies zulassen<\/li>\n<li>Auswahl der Websites, von denen Cookies abgerufen werden sollen: Bewegen Sie den Cursor an eine Zwischenposition, um nicht alle Cookies zu blockieren oder zuzulassen, dr\u00fccken Sie dann auf Websites, geben Sie im Feld Website-Adresse eine Website ein und klicken Sie dann auf Blockieren oder Zulassen<\/li>\n<li>Weitere Informationen finden Sie auf der entsprechenden Seite.<\/li>\n<\/ul>\n<\/li>\n<\/ul>\n<p><strong>Safari 6<\/strong><\/p>\n<ul>\n<li>F\u00fchren Sie den Safari-Browser aus<\/li>\n<li>Klicken Sie auf Safari, w\u00e4hlen Sie Einstellungen und klicken Sie auf Datenschutz<\/li>\n<li>Geben Sie im Abschnitt \u201eCookies blockieren\u201c an, wie Safari Cookies von Websites akzeptieren muss.<\/li>\n<li>Um anzuzeigen, welche Websites Cookies gespeichert haben, klicken Sie auf Details<\/li>\n<li>Weitere Informationen finden Sie auf der entsprechenden Seite.<\/li>\n<\/ul>\n<p><strong>Safari iOS (mobile Ger\u00e4te)<\/strong><\/p>\n<ul>\n<li>F\u00fchren Sie den iOS-Safari-Browser aus<\/li>\n<li>Tippen Sie auf Einstellungen und dann auf Safari<\/li>\n<li>Tippen Sie auf Cookies blockieren und w\u00e4hlen Sie aus den verschiedenen Optionen: \u201eNie\u201c, \u201eDritte und Werbetreibende\u201c oder \u201eImmer\u201c.<\/li>\n<li>Um alle von Safari gespeicherten Cookies zu l\u00f6schen, tippen Sie auf Einstellungen, dann auf Safari und schlie\u00dflich auf Cookies und Daten l\u00f6schen<\/li>\n<li>Weitere Informationen finden Sie auf der entsprechenden Seite.<\/li>\n<\/ul>\n<p><strong>Opera<\/strong><\/p>\n<ul>\n<li>F\u00fchren Sie den Opera-Browser aus<\/li>\n<li>Klicken Sie auf \u201eEinstellungen\u201c, dann auf \u201eErweitert\u201c und schlie\u00dflich auf \u201eCookies\u201c.<\/li>\n<li>W\u00e4hlen Sie eine der folgenden Optionen:<\/li>\n<li>Akzeptieren Sie alle Cookies\n<ul>\n<li>Akzeptieren Sie nur Cookies von der Website, die Sie besuchen: Cookies von Drittanbietern, die von einer anderen als der von Ihnen besuchten Domain gesendet werden, werden abgelehnt<\/li>\n<li>Akzeptieren Sie niemals Cookies: Alle Cookies werden niemals gespeichert<\/li>\n<\/ul>\n<\/li>\n<\/ul>\n<p>Weitere Informationen finden Sie auf der entsprechenden Seite.<\/p>\n<h3>Erfahren Sie mehr \u00fcber die Behandlung<\/h3>\n<h4>Verteidigung vor Gericht<\/h4>\n<p>Die personenbezogenen Daten des Nutzers k\u00f6nnen vom Eigent\u00fcmer zur Verteidigung vor Gericht oder in der Vorbereitungsphase einer m\u00f6glichen Einrichtung gegen Missbrauch bei der Nutzung derselben oder damit verbundener Dienste durch den Nutzer verwendet werden.<br \/>\nDer Nutzer erkl\u00e4rt, sich dar\u00fcber im Klaren zu sein, dass der Eigent\u00fcmer auf Anfrage von Beh\u00f6rden m\u00f6glicherweise zur Offenlegung der Daten verpflichtet sein kann.<\/p>\n<h4>Genaue Informationen<\/h4>\n<p>Auf Anfrage des Benutzers kann diese Anwendung dem Benutzer zus\u00e4tzlich zu den in dieser Datenschutzrichtlinie enthaltenen Informationen zus\u00e4tzliche und kontextbezogene Informationen zu bestimmten Diensten oder zur Erhebung und Verarbeitung personenbezogener Daten bereitstellen.<\/p>\n<h4>Systemprotokolle und Wartung<\/h4>\n<p>F\u00fcr Betriebs- und Wartungszwecke k\u00f6nnen diese Anwendung und alle von ihr genutzten Dienste Dritter Systemprotokolle sammeln, d. h. Dateien, die Interaktionen aufzeichnen und die auch personenbezogene Daten wie die IP-Adresse des Benutzers enthalten k\u00f6nnen.<\/p>\n<h4>Informationen, die nicht in dieser Richtlinie enthalten sind<\/h4>\n<p>Weitere Informationen im Zusammenhang mit der Verarbeitung personenbezogener Daten k\u00f6nnen jederzeit beim Datenverantwortlichen unter Verwendung der Kontaktinformationen angefordert werden.<\/p>\n<p>Aus\u00fcbung von Rechten durch Benutzer<br \/>\nDie Personen, auf die sich die personenbezogenen Daten beziehen, haben jederzeit das Recht, vom Datenverantwortlichen eine Best\u00e4tigung \u00fcber deren Existenz oder Nichtvorhandensein zu erhalten, deren Inhalt und Herkunft zu erfahren, ihre Richtigkeit zu \u00fcberpr\u00fcfen oder ihre Erg\u00e4nzung, L\u00f6schung oder Aktualisierung zu verlangen , Berichtigung, Umwandlung in anonyme Form oder Sperrung personenbezogener Daten, die unter Versto\u00df gegen das Gesetz verarbeitet wurden, sowie in jedem Fall aus berechtigten Gr\u00fcnden Widerspruch gegen deren Verarbeitung einzulegen. Anfragen sind an den Datenverantwortlichen zu richten.<\/p>\n<p>Diese Anwendung unterst\u00fctzt keine \u201eDo Not Track\u201c-Anfragen. Um herauszufinden, ob die verwendeten Dienste Dritter diese unterst\u00fctzen, konsultieren Sie deren Datenschutzrichtlinien.<\/p>\n<h4>\u00c4nderungen dieser Datenschutzrichtlinie<\/h4>\n<p>Der Datenverantwortliche beh\u00e4lt sich das Recht vor, jederzeit \u00c4nderungen an dieser Datenschutzrichtlinie vorzunehmen, indem er diese den Benutzern auf dieser Seite bekannt gibt. Bitte konsultieren Sie diese Seite daher regelm\u00e4\u00dfig und beziehen Sie sich dabei auf das unten angegebene Datum der letzten \u00c4nderung. Im Falle der Nichtakzeptanz der an dieser Datenschutzrichtlinie vorgenommenen \u00c4nderungen ist der Benutzer verpflichtet, die Nutzung dieser Anwendung einzustellen und kann den Datenverantwortlichen auffordern, seine personenbezogenen Daten zu entfernen. Sofern nicht anders angegeben, gilt f\u00fcr die bis zu diesem Zeitpunkt erhobenen personenbezogenen Daten weiterhin die bisherige Datenschutzerkl\u00e4rung.<\/p>\n<h3>Definitionen und rechtliche Hinweise<\/h3>\n<h4>Pers\u00f6nliche Daten (oder Daten)<\/h4>\n<p>Alle Informationen, die sich auf eine nat\u00fcrliche Person beziehen, die identifiziert oder identifizierbar ist, auch indirekt durch Bezugnahme auf andere Informationen, einschlie\u00dflich einer pers\u00f6nlichen Identifikationsnummer, stellen personenbezogene Daten dar.<\/p>\n<h4>Nutzungsdaten<\/h4>\n<p>Hierbei handelt es sich um die von dieser Anwendung (oder von von dieser Anwendung verwendeten Anwendungen Dritter) automatisch erfassten Informationen, darunter: die IP-Adressen oder Dom\u00e4nennamen der Computer, die von dem Benutzer verwendet werden, der sich mit dieser Anwendung verbindet, die Adressen in URI (Uniform Resource). Identifier)-Notation, der Zeitpunkt der Anfrage, die zum Senden der Anfrage an den Server verwendete Methode, die Gr\u00f6\u00dfe der als Antwort erhaltenen Datei, der numerische Code, der den Status der Antwort vom Server angibt (erfolgreich, Fehler usw.). . ) das Herkunftsland, die Eigenschaften des vom Besucher verwendeten Browsers und Betriebssystems, die verschiedenen zeitlichen Konnotationen des Besuchs (z. B. die auf jeder Seite verbrachte Zeit) und die Einzelheiten zur Reiseroute innerhalb der Anwendung, mit insbesondere auf die Reihenfolge der aufgerufenen Seiten, auf die Parameter des Betriebssystems und der IT-Umgebung des Benutzers.<\/p>\n<h4>Benutzer<\/h4>\n<p>Die Person, die diese Anwendung nutzt, die mit dem Interessenten \u00fcbereinstimmen oder von ihm autorisiert sein muss und deren personenbezogene Daten verarbeitet werden.<\/p>\n<h4>Interessiert<\/h4>\n<p>Die nat\u00fcrliche oder juristische Person, auf die sich die personenbezogenen Daten beziehen.<\/p>\n<h4>Datenverantwortlicher (oder Manager)<\/h4>\n<p>Die nat\u00fcrliche Person, juristische Person, \u00f6ffentliche Verwaltung und jede andere Einrichtung, Vereinigung oder Organisation, die vom Datenverantwortlichen mit der Verarbeitung personenbezogener Daten gem\u00e4\u00df dieser Datenschutzrichtlinie beauftragt wurde.<\/p>\n<h4>Datenverantwortlicher (oder Datenverantwortlicher)<\/h4>\n<p>Die nat\u00fcrliche Person, juristische Person, \u00f6ffentliche Verwaltung und jede andere Stelle, Vereinigung oder Organisation, die \u2013 auch gemeinsam mit einem anderen Eigent\u00fcmer \u2013 f\u00fcr Entscheidungen \u00fcber die Zwecke, Methoden der Verarbeitung personenbezogener Daten und die verwendeten Tools, einschlie\u00dflich des Sicherheitsprofils, verantwortlich ist , in Bezug auf den Betrieb und die Nutzung dieser Anwendung. Sofern nicht anders angegeben, ist der Datenverantwortliche der Eigent\u00fcmer dieser Anwendung.<\/p>\n<h4>Diese Anwendung<\/h4>\n<p>Das Hardware- oder Softwaretool, mit dem die personenbezogenen Daten der Benutzer erfasst werden.<\/p>\n<h4>Rechtliche Hinweise<\/h4>\n<p>Hinweis f\u00fcr europ\u00e4ische Benutzer: Diese Datenschutzrichtlinie wurde in \u00dcbereinstimmung mit den Verpflichtungen gem\u00e4\u00df Art. erstellt. 10 der Richtlinie Nr. 95\/46\/EG sowie die Bestimmungen der Richtlinie 2002\/58\/EG, aktualisiert durch die Richtlinie 2009\/136\/EG, in Bezug auf Cookies.<br \/>\nDiese Datenschutzerkl\u00e4rung gilt ausschlie\u00dflich f\u00fcr diese Anwendung.<\/p>\n","protected":false},"excerpt":{"rendered":"<p>Diese Anwendung sammelt einige personenbezogene Daten von ihren Benutzern. Datencontroller EGOLUCE srl via Newton 12 20016 Pero MI webmaster@egoluce.com Arten [&hellip;]<\/p>\n","protected":false},"author":4,"featured_media":0,"parent":0,"menu_order":0,"comment_status":"closed","ping_status":"closed","template":"templates\/template-policy.php","meta":{"_acf_changed":false,"footnotes":""},"class_list":["post-13542","page","type-page","status-publish","hentry"],"acf":[],"yoast_head":"<!-- This site is optimized with the Yoast SEO plugin v27.3 - https:\/\/yoast.com\/product\/yoast-seo-wordpress\/ -->\n<title>Privacy Policy - Egoluce Srl<\/title>\n<meta name=\"robots\" content=\"index, follow, max-snippet:-1, max-image-preview:large, max-video-preview:-1\" \/>\n<link rel=\"canonical\" href=\"https:\/\/egoluce-wp.com\/de\/privacy-policy\/\" \/>\n<meta property=\"og:locale\" content=\"de_DE\" \/>\n<meta property=\"og:type\" content=\"article\" \/>\n<meta property=\"og:title\" content=\"Privacy Policy - Egoluce Srl\" \/>\n<meta property=\"og:description\" content=\"Diese Anwendung sammelt einige personenbezogene Daten von ihren Benutzern. Datencontroller EGOLUCE srl via Newton 12 20016 Pero MI webmaster@egoluce.com Arten [&hellip;]\" \/>\n<meta property=\"og:url\" content=\"https:\/\/egoluce-wp.com\/de\/privacy-policy\/\" \/>\n<meta property=\"og:site_name\" content=\"Egoluce Srl\" \/>\n<meta property=\"article:publisher\" content=\"https:\/\/www.facebook.com\/egoluce\/\" \/>\n<meta property=\"article:modified_time\" content=\"2024-03-04T17:02:29+00:00\" \/>\n<meta name=\"twitter:card\" content=\"summary_large_image\" \/>\n<meta name=\"twitter:site\" content=\"@egolucesrl\" \/>\n<meta name=\"twitter:label1\" content=\"Gesch\u00e4tzte Lesezeit\" \/>\n\t<meta name=\"twitter:data1\" content=\"10\u00a0Minuten\" \/>\n<script type=\"application\/ld+json\" class=\"yoast-schema-graph\">{\"@context\":\"https:\\\/\\\/schema.org\",\"@graph\":[{\"@type\":\"WebPage\",\"@id\":\"https:\\\/\\\/egoluce-wp.com\\\/de\\\/privacy-policy\\\/\",\"url\":\"https:\\\/\\\/egoluce-wp.com\\\/de\\\/privacy-policy\\\/\",\"name\":\"Privacy Policy - Egoluce Srl\",\"isPartOf\":{\"@id\":\"https:\\\/\\\/egoluce-wp.com\\\/#website\"},\"datePublished\":\"2023-12-12T16:56:58+00:00\",\"dateModified\":\"2024-03-04T17:02:29+00:00\",\"breadcrumb\":{\"@id\":\"https:\\\/\\\/egoluce-wp.com\\\/de\\\/privacy-policy\\\/#breadcrumb\"},\"inLanguage\":\"de\",\"potentialAction\":[{\"@type\":\"ReadAction\",\"target\":[\"https:\\\/\\\/egoluce-wp.com\\\/de\\\/privacy-policy\\\/\"]}]},{\"@type\":\"BreadcrumbList\",\"@id\":\"https:\\\/\\\/egoluce-wp.com\\\/de\\\/privacy-policy\\\/#breadcrumb\",\"itemListElement\":[{\"@type\":\"ListItem\",\"position\":1,\"name\":\"Home\",\"item\":\"https:\\\/\\\/egoluce-wp.com\\\/de\\\/home\\\/\"},{\"@type\":\"ListItem\",\"position\":2,\"name\":\"Privacy Policy\"}]},{\"@type\":\"WebSite\",\"@id\":\"https:\\\/\\\/egoluce-wp.com\\\/#website\",\"url\":\"https:\\\/\\\/egoluce-wp.com\\\/\",\"name\":\"Egoluce\",\"description\":\"\",\"publisher\":{\"@id\":\"https:\\\/\\\/egoluce-wp.com\\\/#organization\"},\"potentialAction\":[{\"@type\":\"SearchAction\",\"target\":{\"@type\":\"EntryPoint\",\"urlTemplate\":\"https:\\\/\\\/egoluce-wp.com\\\/?s={search_term_string}\"},\"query-input\":{\"@type\":\"PropertyValueSpecification\",\"valueRequired\":true,\"valueName\":\"search_term_string\"}}],\"inLanguage\":\"de\"},{\"@type\":\"Organization\",\"@id\":\"https:\\\/\\\/egoluce-wp.com\\\/#organization\",\"name\":\"Egoluce Srl\",\"url\":\"https:\\\/\\\/egoluce-wp.com\\\/\",\"logo\":{\"@type\":\"ImageObject\",\"inLanguage\":\"de\",\"@id\":\"https:\\\/\\\/egoluce-wp.com\\\/#\\\/schema\\\/logo\\\/image\\\/\",\"url\":\"https:\\\/\\\/egoluce.com\\\/wp-content\\\/uploads\\\/2025\\\/06\\\/egoluce_new_rosso.png\",\"contentUrl\":\"https:\\\/\\\/egoluce.com\\\/wp-content\\\/uploads\\\/2025\\\/06\\\/egoluce_new_rosso.png\",\"width\":97,\"height\":112,\"caption\":\"Egoluce Srl\"},\"image\":{\"@id\":\"https:\\\/\\\/egoluce-wp.com\\\/#\\\/schema\\\/logo\\\/image\\\/\"},\"sameAs\":[\"https:\\\/\\\/www.facebook.com\\\/egoluce\\\/\",\"https:\\\/\\\/x.com\\\/egolucesrl\",\"https:\\\/\\\/www.instagram.com\\\/egolucelighting\\\/\"]}]}<\/script>\n<!-- \/ Yoast SEO plugin. -->","yoast_head_json":{"title":"Privacy Policy - Egoluce Srl","robots":{"index":"index","follow":"follow","max-snippet":"max-snippet:-1","max-image-preview":"max-image-preview:large","max-video-preview":"max-video-preview:-1"},"canonical":"https:\/\/egoluce-wp.com\/de\/privacy-policy\/","og_locale":"de_DE","og_type":"article","og_title":"Privacy Policy - Egoluce Srl","og_description":"Diese Anwendung sammelt einige personenbezogene Daten von ihren Benutzern. Datencontroller EGOLUCE srl via Newton 12 20016 Pero MI webmaster@egoluce.com Arten [&hellip;]","og_url":"https:\/\/egoluce-wp.com\/de\/privacy-policy\/","og_site_name":"Egoluce Srl","article_publisher":"https:\/\/www.facebook.com\/egoluce\/","article_modified_time":"2024-03-04T17:02:29+00:00","twitter_card":"summary_large_image","twitter_site":"@egolucesrl","twitter_misc":{"Gesch\u00e4tzte Lesezeit":"10\u00a0Minuten"},"schema":{"@context":"https:\/\/schema.org","@graph":[{"@type":"WebPage","@id":"https:\/\/egoluce-wp.com\/de\/privacy-policy\/","url":"https:\/\/egoluce-wp.com\/de\/privacy-policy\/","name":"Privacy Policy - Egoluce Srl","isPartOf":{"@id":"https:\/\/egoluce-wp.com\/#website"},"datePublished":"2023-12-12T16:56:58+00:00","dateModified":"2024-03-04T17:02:29+00:00","breadcrumb":{"@id":"https:\/\/egoluce-wp.com\/de\/privacy-policy\/#breadcrumb"},"inLanguage":"de","potentialAction":[{"@type":"ReadAction","target":["https:\/\/egoluce-wp.com\/de\/privacy-policy\/"]}]},{"@type":"BreadcrumbList","@id":"https:\/\/egoluce-wp.com\/de\/privacy-policy\/#breadcrumb","itemListElement":[{"@type":"ListItem","position":1,"name":"Home","item":"https:\/\/egoluce-wp.com\/de\/home\/"},{"@type":"ListItem","position":2,"name":"Privacy Policy"}]},{"@type":"WebSite","@id":"https:\/\/egoluce-wp.com\/#website","url":"https:\/\/egoluce-wp.com\/","name":"Egoluce","description":"","publisher":{"@id":"https:\/\/egoluce-wp.com\/#organization"},"potentialAction":[{"@type":"SearchAction","target":{"@type":"EntryPoint","urlTemplate":"https:\/\/egoluce-wp.com\/?s={search_term_string}"},"query-input":{"@type":"PropertyValueSpecification","valueRequired":true,"valueName":"search_term_string"}}],"inLanguage":"de"},{"@type":"Organization","@id":"https:\/\/egoluce-wp.com\/#organization","name":"Egoluce Srl","url":"https:\/\/egoluce-wp.com\/","logo":{"@type":"ImageObject","inLanguage":"de","@id":"https:\/\/egoluce-wp.com\/#\/schema\/logo\/image\/","url":"https:\/\/egoluce.com\/wp-content\/uploads\/2025\/06\/egoluce_new_rosso.png","contentUrl":"https:\/\/egoluce.com\/wp-content\/uploads\/2025\/06\/egoluce_new_rosso.png","width":97,"height":112,"caption":"Egoluce Srl"},"image":{"@id":"https:\/\/egoluce-wp.com\/#\/schema\/logo\/image\/"},"sameAs":["https:\/\/www.facebook.com\/egoluce\/","https:\/\/x.com\/egolucesrl","https:\/\/www.instagram.com\/egolucelighting\/"]}]}},"_links":{"self":[{"href":"https:\/\/egoluce.com\/de\/wp-json\/wp\/v2\/pages\/13542","targetHints":{"allow":["GET"]}}],"collection":[{"href":"https:\/\/egoluce.com\/de\/wp-json\/wp\/v2\/pages"}],"about":[{"href":"https:\/\/egoluce.com\/de\/wp-json\/wp\/v2\/types\/page"}],"author":[{"embeddable":true,"href":"https:\/\/egoluce.com\/de\/wp-json\/wp\/v2\/users\/4"}],"replies":[{"embeddable":true,"href":"https:\/\/egoluce.com\/de\/wp-json\/wp\/v2\/comments?post=13542"}],"version-history":[{"count":1,"href":"https:\/\/egoluce.com\/de\/wp-json\/wp\/v2\/pages\/13542\/revisions"}],"predecessor-version":[{"id":17633,"href":"https:\/\/egoluce.com\/de\/wp-json\/wp\/v2\/pages\/13542\/revisions\/17633"}],"wp:attachment":[{"href":"https:\/\/egoluce.com\/de\/wp-json\/wp\/v2\/media?parent=13542"}],"curies":[{"name":"wp","href":"https:\/\/api.w.org\/{rel}","templated":true}]}}