{"id":13543,"date":"2023-12-12T17:56:58","date_gmt":"2023-12-12T16:56:58","guid":{"rendered":"https:\/\/archas-wp.com\/privacy-policy\/"},"modified":"2024-03-05T10:05:46","modified_gmt":"2024-03-05T09:05:46","slug":"privacy-policy","status":"publish","type":"page","link":"https:\/\/egoluce.com\/es\/privacy-policy\/","title":{"rendered":"Privacy Policy"},"content":{"rendered":"<h3>Esta Aplicaci\u00f3n recopila algunos Datos Personales de sus Usuarios.<\/h3>\n<h3>Controlador de datos<\/h3>\n<p>EGOLUCE srl<\/p>\n<p>via Newton 12 20016 Pero MI<\/p>\n<p>webmaster@egoluce.com<\/p>\n<h3>Tipos de datos recopilados<\/h3>\n<p>El Titular no proporciona una lista de tipos de Datos Personales recopilados.<br \/>\nOtros Datos Personales recogidos podr\u00e1n indicarse en otros apartados de esta pol\u00edtica de privacidad o a trav\u00e9s de textos informativos mostrados junto con la recogida de los propios Datos.<br \/>\nLos Datos Personales pueden ser ingresados \u200b\u200bvoluntariamente por el Usuario o recopilados autom\u00e1ticamente durante el uso de esta Aplicaci\u00f3n.<br \/>\nCualquier uso de Cookies (u otras herramientas de seguimiento) por parte de esta Aplicaci\u00f3n o por los propietarios de servicios de terceros utilizados por esta Aplicaci\u00f3n, a menos que se especifique lo contrario, tiene como objetivo identificar al Usuario y registrar las preferencias pertinentes para fines estrictamente vinculados a la prestaci\u00f3n. del servicio solicitado por el Usuario.<br \/>\nEl hecho de que el Usuario no proporcione algunos Datos Personales puede impedir que esta Aplicaci\u00f3n proporcione sus servicios.<br \/>\nEl Usuario asume la responsabilidad por los Datos Personales de terceros publicados o compartidos a trav\u00e9s de esta Aplicaci\u00f3n y garantiza que tiene derecho a comunicarlos o difundirlos, liberando al Titular de cualquier responsabilidad frente a terceros.<\/p>\n<h3>M\u00e9todo y lugar de procesamiento de los datos recopilados.<\/h3>\n<h4>M\u00e9todos de tratamiento<\/h4>\n<p>El Titular procesa los Datos Personales de los Usuarios adoptando medidas de seguridad adecuadas encaminadas a evitar el acceso no autorizado, la divulgaci\u00f3n, modificaci\u00f3n o destrucci\u00f3n de los Datos Personales.<br \/>\nEl tratamiento se realiza mediante herramientas inform\u00e1ticas y\/o telem\u00e1ticas, con m\u00e9todos organizativos y con una l\u00f3gica estrictamente relacionada con las finalidades indicadas. Adem\u00e1s del Responsable del tratamiento, en algunos casos, categor\u00edas de personas responsables involucradas en la organizaci\u00f3n del sitio (administrativos, comerciales, de marketing, legales, administradores de sistemas) o partes externas (como terceros proveedores de servicios t\u00e9cnicos, mensajeros postales , proveedores de hosting, empresas de TI, agencias de comunicaci\u00f3n) tambi\u00e9n designados, si es necesario, como Encargados del tratamiento por el Responsable del tratamiento. La lista actualizada de Responsables siempre podr\u00e1 solicitarse al Responsable del tratamiento.<\/p>\n<h4>Lugar<\/h4>\n<p>Los Datos son tratados en las oficinas operativas del Titular y en cualquier otro lugar donde se encuentren las partes involucradas en el tratamiento. Para m\u00e1s informaci\u00f3n contacte con el Propietario.<\/p>\n<h4>Veces<\/h4>\n<p>Los Datos son tratados durante el tiempo necesario para llevar a cabo el servicio solicitado por el Usuario, o requerido por las finalidades descritas en este documento, pudiendo el Usuario siempre solicitar la interrupci\u00f3n del Tratamiento o la supresi\u00f3n de los Datos.<\/p>\n<h4>Finalidad del tratamiento de los datos recopilados<\/h4>\n<p>Los Datos del Usuario son recogidos para permitir al Titular la prestaci\u00f3n de sus servicios, as\u00ed como para las siguientes finalidades: Gesti\u00f3n de direcciones y env\u00edo de mensajes de correo electr\u00f3nico.<br \/>\nLos tipos de Datos Personales utilizados para cada finalidad se indican en los apartados espec\u00edficos de este documento.<\/p>\n<h4>Detalles sobre el procesamiento de Datos Personales<\/h4>\n<p>Los Datos Personales se recopilan para las siguientes finalidades y utilizando los siguientes servicios:<\/p>\n<h4>Analytics<\/h4>\n<ul>\n<li>Google Analytics<br \/>\nPersonal Data: Cookie and Usage data<br \/>\nhttps:\/\/www.google.it\/policies\/privacy\/partners\/<br \/>\nhttps:\/\/tools.google.com\/dlpage\/gaoptout.<br \/>\nAnalytics collected directly<br \/>\nPersonal Data: Cookie and Usage data<br \/>\nContacting the User<br \/>\nMailing List or Newsletter<br \/>\nPersonal Data: Country, Email address, First Name, Last Name, Profession and Province<br \/>\nContact form<br \/>\nPersonal Data: Company name, Email address, First Name and Last Name<br \/>\nRegistration and authentication<br \/>\nDirect registration<br \/>\nPersonal Data: Address, City, Company name, Country, Email address, Fax number, First Name, Last Name, Password, Phone number, Profession, Province, State, Username, ZIP\/Postal code<br \/>\nInteraction with external social networks and platforms<br \/>\nGoogle+ +1 button and social widgets<br \/>\nPersonal Data: Cookie and Usage data<br \/>\nGoogle Inc. USA &#8211; Privacy Policy &#8211; Opt in<br \/>\nFacebook Like button and social widgets<br \/>\nPersonal Data: Cookie and Usage data<br \/>\nFacebook USA &#8211; Privacy Policy &#8211; More Info<br \/>\nDisplaying content from external platforms<br \/>\nGoogle Fonts<br \/>\nPersonal Data: Cookie and Usage data<br \/>\nGoogle Maps widget<br \/>\nPersonal Data: Cookie and Usage data<br \/>\nYoutube video widget<br \/>\nPersonal Data: Usage data<br \/>\nGestione database di utenti<br \/>\nHubspot CRM, Hubspot Lead Management<br \/>\nHubspot CRM e Hubspot Lead Management sono servizi distribuiti da Hubspot Inc. che utilizziamo per costruire profili utenti grazie ai dati personali inseriti dai nostri utenti ed alle loro attivit\u00e0 all&#8217;interno del nostro sito web. Questi dati raccolti potrebbero essere utilizzati per inviare e-mail programmate basate su comportamenti specifici dei nostri utenti all&#8217;interno delle pagine del nostro sito web.<br \/>\nDati personali raccolti: nome, cognome, indirizzo e-mail e varie tipologie di dati.<br \/>\nLuogo del trattamento: USA<br \/>\nhttps:\/\/legal.hubspot.com\/privacy-policy<\/li>\n<\/ul>\n<h4>Desactivar cookies<\/h4>\n<p>\u00a1Al desactivar algunas cookies podr\u00edas afectar el correcto funcionamiento del sitio y la visualizaci\u00f3n de algunas p\u00e1ginas!<\/p>\n<h4>C\u00f3mo deshabilitar las cookies configurando su navegador<\/h4>\n<p><strong>Chrome<\/strong><\/p>\n<ul>\n<li>Ejecute el navegador Chrome<\/li>\n<li>Haga clic en el men\u00fa en la barra de herramientas del navegador junto a la ventana de entrada de URL para navegar<\/li>\n<li>Seleccione Configuraci\u00f3n<\/li>\n<li>Haga clic en Mostrar configuraci\u00f3n avanzada<\/li>\n<li>En la secci\u00f3n \u201cPrivacidad\u201d haz clic en el bot\u00f3n \u201cConfiguraci\u00f3n de contenido\u201d<\/li>\n<li>En la secci\u00f3n \u201cCookies\u201d puede cambiar la siguiente configuraci\u00f3n de cookies:\n<ul>\n<li>Permitir que los datos se guarden localmente<\/li>\n<li>Cambie los datos locales solo hasta que se cierre el navegador<\/li>\n<li>Evitar que los sitios establezcan cookies<\/li>\n<li>Bloquear las cookies de terceros y los datos del sitio<\/li>\n<li>Administrar excepciones para algunos sitios web<\/li>\n<li>Eliminar una o todas las cookies<\/li>\n<li>Para obtener m\u00e1s informaci\u00f3n, visite la p\u00e1gina dedicada.<\/li>\n<\/ul>\n<\/li>\n<\/ul>\n<p><strong>Mozilla Firefox<\/strong><\/p>\n<ul>\n<li>Ejecute el navegador Mozilla Firefox<\/li>\n<li>Haga clic en el men\u00fa en la barra de herramientas del navegador junto a la ventana de entrada de URL para navegar<\/li>\n<li>Seleccione opciones<\/li>\n<li>Seleccione el panel Privacidad<\/li>\n<li>Haga clic en Mostrar configuraci\u00f3n avanzada<\/li>\n<li>En la secci\u00f3n \u201cPrivacidad\u201d haz clic en el bot\u00f3n \u201cConfiguraci\u00f3n de contenido\u201d<\/li>\n<li>En la secci\u00f3n \u201cSeguimiento\u201d puede cambiar la siguiente configuraci\u00f3n de cookies:\n<ul>\n<li>Solicitar que los sitios no realicen seguimiento<\/li>\n<li>Comunique a los sitios su disponibilidad para ser rastreado.<\/li>\n<li>No comunicar ninguna preferencia respecto al seguimiento de datos personales<\/li>\n<li>Desde la secci\u00f3n \u201cHistorial\u201d podr\u00e1s:<\/li>\n<li>Al habilitar \u201cUsar configuraci\u00f3n personalizada\u201d, seleccione aceptar cookies de terceros (siempre de los sitios m\u00e1s visitados o nunca) y conservarlas durante un per\u00edodo espec\u00edfico (hasta que caduquen, cuando se cierre Firefox o para preguntar cada vez).<\/li>\n<li>Eliminar cookies individuales almacenadas<\/li>\n<li>Para obtener m\u00e1s informaci\u00f3n, visite la p\u00e1gina dedicada.<\/li>\n<\/ul>\n<\/li>\n<\/ul>\n<p><strong>Internet Explorer<\/strong><\/p>\n<ul>\n<li>Ejecute el navegador Internet Explorer<\/li>\n<li>Haga clic en el bot\u00f3n Herramientas y elija Opciones de Internet.<\/li>\n<li>Haga clic en la pesta\u00f1a Privacidad y en la secci\u00f3n Configuraci\u00f3n cambie el control deslizante seg\u00fan la acci\u00f3n deseada para las cookies:\n<ul>\n<li>Bloquear todas las cookies<\/li>\n<li>Permitir todas las cookies<\/li>\n<li>Selecci\u00f3n de sitios de donde obtener cookies: mueva el cursor a una posici\u00f3n intermedia para no bloquear o permitir todas las cookies, luego presione en Sitios, en el cuadro Direcci\u00f3n del sitio web ingrese un sitio web y luego presione en Bloquear o Permitir<\/li>\n<li>Para obtener m\u00e1s informaci\u00f3n, visite la p\u00e1gina dedicada.<\/li>\n<\/ul>\n<\/li>\n<\/ul>\n<p><strong>Safari 6<\/strong><\/p>\n<ul>\n<li>Ejecute el navegador Safari<\/li>\n<li>Haga clic en Safari, seleccione Preferencias y presione Privacidad<\/li>\n<li>En la secci\u00f3n Bloquear cookies, especifique c\u00f3mo debe aceptar Safari las cookies de los sitios web.<\/li>\n<li>Para ver qu\u00e9 sitios han almacenado cookies, haga clic en Detalles<\/li>\n<li>Para obtener m\u00e1s informaci\u00f3n, visite la p\u00e1gina dedicada.<\/li>\n<\/ul>\n<p><strong>Safari iOS (dispositivos m\u00f3viles)<\/strong><\/p>\n<ul>\n<li>Ejecute el navegador Safari de iOS<\/li>\n<li>Toque Configuraci\u00f3n y luego Safari<\/li>\n<li>Pulsa en Bloquear cookies y elige entre las distintas opciones: \u201cNunca\u201d, \u201cTerceros y anunciantes\u201d o \u201cSiempre\u201d<\/li>\n<li>Para eliminar todas las cookies almacenadas por Safari, toque Configuraci\u00f3n, luego Safari y finalmente Borrar cookies y datos.<\/li>\n<li>Para obtener m\u00e1s informaci\u00f3n, visite la p\u00e1gina dedicada.<\/li>\n<\/ul>\n<p><strong>Opera<\/strong><\/p>\n<ul>\n<li>Ejecute el navegador Opera<\/li>\n<li>Haga clic en Preferencias luego en Avanzado y finalmente en Cookies<\/li>\n<li>Selecciona una de las siguientes opciones:<\/li>\n<li>Aceptar todas las cookies\n<ul>\n<li>Aceptar cookies \u00fanicamente del sitio que visitas: se rechazar\u00e1n las cookies de terceros que se env\u00eden desde un dominio distinto al que est\u00e1s visitando<\/li>\n<li>Nunca acepte cookies: todas las cookies nunca se guardar\u00e1n<\/li>\n<\/ul>\n<\/li>\n<\/ul>\n<p>Para obtener m\u00e1s informaci\u00f3n, visite la p\u00e1gina dedicada.<\/p>\n<h3>Obtenga m\u00e1s informaci\u00f3n sobre el tratamiento.<\/h3>\n<h4>Defensa en la corte<\/h4>\n<p>Los Datos Personales del Usuario podr\u00e1n ser utilizados para la defensa por el Titular ante tribunales o en las etapas preparatorias de su posible establecimiento, contra abusos en el uso de los mismos o servicios relacionados por parte del Usuario.<br \/>\nEl Usuario declara ser consciente de que el Titular puede verse obligado a revelar los Datos a petici\u00f3n de las autoridades p\u00fablicas.<\/p>\n<h4>Informaci\u00f3n espec\u00edfica<\/h4>\n<p>A solicitud del Usuario, adem\u00e1s de la informaci\u00f3n contenida en esta pol\u00edtica de privacidad, esta Aplicaci\u00f3n puede proporcionar al Usuario informaci\u00f3n adicional y contextual sobre servicios espec\u00edficos, o la recopilaci\u00f3n y procesamiento de Datos Personales.<\/p>\n<h4>Registros y mantenimiento del sistema<\/h4>\n<p>Para necesidades relacionadas con la operaci\u00f3n y el mantenimiento, esta Aplicaci\u00f3n y cualquier servicio de terceros utilizado por ella pueden recopilar registros del sistema, es decir, archivos que registran interacciones y que tambi\u00e9n pueden contener Datos personales, como la direcci\u00f3n IP del Usuario.<\/p>\n<h4>Informaci\u00f3n no contenida en esta pol\u00edtica<\/h4>\n<p>Se puede solicitar m\u00e1s informaci\u00f3n en relaci\u00f3n con el procesamiento de Datos personales en cualquier momento al Controlador de datos utilizando la informaci\u00f3n de contacto.<\/p>\n<p>Ejercicio de derechos por parte de los Usuarios<br \/>\nLos sujetos a quienes se refieren los Datos Personales tienen derecho en cualquier momento a obtener del Responsable del tratamiento confirmaci\u00f3n de la existencia o no de los mismos, a conocer su contenido y origen, a verificar su exactitud o solicitar su integraci\u00f3n, cancelaci\u00f3n, actualizaci\u00f3n. , rectificaci\u00f3n, transformaci\u00f3n en forma an\u00f3nima o bloqueo de Datos Personales tratados en violaci\u00f3n de la ley, as\u00ed como oponerse en cualquier caso, por motivos leg\u00edtimos, a su tratamiento. Las solicitudes deben dirigirse al Responsable del tratamiento.<\/p>\n<p>Esta aplicaci\u00f3n no admite solicitudes de &#8220;No rastrear&#8221;. Para saber si alg\u00fan servicio de terceros utilizado los respalda, consulte sus pol\u00edticas de privacidad.<\/p>\n<h4>Cambios en esta pol\u00edtica de privacidad<\/h4>\n<p>El Responsable del tratamiento se reserva el derecho de realizar cambios en esta pol\u00edtica de privacidad en cualquier momento public\u00e1ndolos a los Usuarios en esta p\u00e1gina. Por lo tanto, consulte esta p\u00e1gina con frecuencia, tomando como referencia la fecha de la \u00faltima modificaci\u00f3n indicada en la parte inferior. En caso de no aceptaci\u00f3n de los cambios realizados a esta pol\u00edtica de privacidad, el Usuario deber\u00e1 dejar de utilizar esta Aplicaci\u00f3n y podr\u00e1 solicitar al Responsable del Tratamiento que elimine sus Datos Personales. A menos que se especifique lo contrario, la pol\u00edtica de privacidad anterior seguir\u00e1 aplic\u00e1ndose a los Datos Personales recopilados hasta ese momento.<\/p>\n<h3>Definiciones y referencias legales<\/h3>\n<h4>Datos personales (o datos)<\/h4>\n<p>Cualquier informaci\u00f3n relativa a una persona f\u00edsica, identificada o identificable, incluso indirectamente, por referencia a cualquier otra informaci\u00f3n, incluido un n\u00famero de identificaci\u00f3n personal, constituye dato personal.<\/p>\n<h4>Datos de uso<\/h4>\n<p>Esta es la informaci\u00f3n recopilada autom\u00e1ticamente por esta Aplicaci\u00f3n (o por aplicaciones de terceros que utiliza esta Aplicaci\u00f3n), incluyendo: las direcciones IP o nombres de dominio de las computadoras utilizadas por el Usuario que se conecta con esta Aplicaci\u00f3n, las direcciones en URI (Uniform Resource Identificador), la hora de la solicitud, el m\u00e9todo utilizado para enviar la solicitud al servidor, el tama\u00f1o del archivo obtenido en respuesta, el c\u00f3digo num\u00e9rico que indica el estado de la respuesta del servidor (exitosa, error, etc.) . ) el pa\u00eds de origen, las caracter\u00edsticas del navegador y del sistema operativo utilizado por el visitante, las distintas connotaciones temporales de la visita (por ejemplo, el tiempo transcurrido en cada p\u00e1gina) y los detalles relativos al itinerario seguido dentro de la Aplicaci\u00f3n, con particular referencia a la secuencia de las p\u00e1ginas consultadas, a los par\u00e1metros relativos al sistema operativo y al entorno inform\u00e1tico del Usuario.<\/p>\n<h4>Usuario<\/h4>\n<p>La persona f\u00edsica que utilice esta Aplicaci\u00f3n, quien deber\u00e1 coincidir con el interesado o estar autorizado por \u00e9ste y cuyos Datos Personales est\u00e9n siendo tratados.<\/p>\n<h4>Interesado<\/h4>\n<p>La persona natural o jur\u00eddica a quien se refieren los Datos Personales.<\/p>\n<h4>Controlador de datos (o administrador)<\/h4>\n<p>La persona f\u00edsica, persona jur\u00eddica, administraci\u00f3n p\u00fablica y cualquier otro organismo, asociaci\u00f3n u organizaci\u00f3n designada por el Responsable del Tratamiento para tratar Datos Personales, seg\u00fan lo establecido en esta pol\u00edtica de privacidad.<\/p>\n<h4>Controlador de datos (o Controlador de datos)<\/h4>\n<p>La persona f\u00edsica, persona jur\u00eddica, administraci\u00f3n p\u00fablica y cualquier otro organismo, asociaci\u00f3n u organizaci\u00f3n que sea responsable, incluso conjuntamente con otro titular, de las decisiones relativas a los fines, m\u00e9todos de procesamiento de datos personales y las herramientas utilizadas, incluido el perfil de seguridad. , en relaci\u00f3n con el funcionamiento y uso de esta Aplicaci\u00f3n. El Responsable del tratamiento, salvo que se especifique lo contrario, es el propietario de esta Aplicaci\u00f3n.<\/p>\n<h4>Esta aplicaci\u00f3n<\/h4>\n<p>La herramienta de hardware o software a trav\u00e9s de la cual se recopilan los Datos Personales de los Usuarios.<\/p>\n<h4>Referencias legales<\/h4>\n<p>Aviso a los Usuarios europeos: esta pol\u00edtica de privacidad ha sido redactada cumpliendo con las obligaciones establecidas en el Art. 10 de la Directiva n\u00fam. 95\/46\/CE, as\u00ed como lo dispuesto en la Directiva 2002\/58\/CE, actualizada por la Directiva 2009\/136\/CE, en materia de Cookies.<br \/>\nEsta pol\u00edtica de privacidad se aplica exclusivamente a esta Aplicaci\u00f3n.<\/p>\n","protected":false},"excerpt":{"rendered":"<p>Esta Aplicaci\u00f3n recopila algunos Datos Personales de sus Usuarios. Controlador de datos EGOLUCE srl via Newton 12 20016 Pero MI [&hellip;]<\/p>\n","protected":false},"author":4,"featured_media":0,"parent":0,"menu_order":0,"comment_status":"closed","ping_status":"closed","template":"templates\/template-policy.php","meta":{"_acf_changed":false,"footnotes":""},"class_list":["post-13543","page","type-page","status-publish","hentry"],"acf":[],"yoast_head":"<!-- This site is optimized with the Yoast SEO plugin v27.3 - https:\/\/yoast.com\/product\/yoast-seo-wordpress\/ -->\n<title>Privacy Policy - Egoluce Srl<\/title>\n<meta name=\"robots\" content=\"index, follow, max-snippet:-1, max-image-preview:large, max-video-preview:-1\" \/>\n<link rel=\"canonical\" href=\"https:\/\/egoluce-wp.com\/es\/privacy-policy\/\" \/>\n<meta property=\"og:locale\" content=\"es_ES\" \/>\n<meta property=\"og:type\" content=\"article\" \/>\n<meta property=\"og:title\" content=\"Privacy Policy - Egoluce Srl\" \/>\n<meta property=\"og:description\" content=\"Esta Aplicaci\u00f3n recopila algunos Datos Personales de sus Usuarios. Controlador de datos EGOLUCE srl via Newton 12 20016 Pero MI [&hellip;]\" \/>\n<meta property=\"og:url\" content=\"https:\/\/egoluce-wp.com\/es\/privacy-policy\/\" \/>\n<meta property=\"og:site_name\" content=\"Egoluce Srl\" \/>\n<meta property=\"article:publisher\" content=\"https:\/\/www.facebook.com\/egoluce\/\" \/>\n<meta property=\"article:modified_time\" content=\"2024-03-05T09:05:46+00:00\" \/>\n<meta name=\"twitter:card\" content=\"summary_large_image\" \/>\n<meta name=\"twitter:site\" content=\"@egolucesrl\" \/>\n<meta name=\"twitter:label1\" content=\"Tiempo de lectura\" \/>\n\t<meta name=\"twitter:data1\" content=\"12 minutos\" \/>\n<script type=\"application\/ld+json\" class=\"yoast-schema-graph\">{\"@context\":\"https:\\\/\\\/schema.org\",\"@graph\":[{\"@type\":\"WebPage\",\"@id\":\"https:\\\/\\\/egoluce-wp.com\\\/es\\\/privacy-policy\\\/\",\"url\":\"https:\\\/\\\/egoluce-wp.com\\\/es\\\/privacy-policy\\\/\",\"name\":\"Privacy Policy - Egoluce Srl\",\"isPartOf\":{\"@id\":\"https:\\\/\\\/egoluce-wp.com\\\/#website\"},\"datePublished\":\"2023-12-12T16:56:58+00:00\",\"dateModified\":\"2024-03-05T09:05:46+00:00\",\"breadcrumb\":{\"@id\":\"https:\\\/\\\/egoluce-wp.com\\\/es\\\/privacy-policy\\\/#breadcrumb\"},\"inLanguage\":\"es\",\"potentialAction\":[{\"@type\":\"ReadAction\",\"target\":[\"https:\\\/\\\/egoluce-wp.com\\\/es\\\/privacy-policy\\\/\"]}]},{\"@type\":\"BreadcrumbList\",\"@id\":\"https:\\\/\\\/egoluce-wp.com\\\/es\\\/privacy-policy\\\/#breadcrumb\",\"itemListElement\":[{\"@type\":\"ListItem\",\"position\":1,\"name\":\"Home\",\"item\":\"https:\\\/\\\/egoluce-wp.com\\\/es\\\/home\\\/\"},{\"@type\":\"ListItem\",\"position\":2,\"name\":\"Privacy Policy\"}]},{\"@type\":\"WebSite\",\"@id\":\"https:\\\/\\\/egoluce-wp.com\\\/#website\",\"url\":\"https:\\\/\\\/egoluce-wp.com\\\/\",\"name\":\"Egoluce\",\"description\":\"\",\"publisher\":{\"@id\":\"https:\\\/\\\/egoluce-wp.com\\\/#organization\"},\"potentialAction\":[{\"@type\":\"SearchAction\",\"target\":{\"@type\":\"EntryPoint\",\"urlTemplate\":\"https:\\\/\\\/egoluce-wp.com\\\/?s={search_term_string}\"},\"query-input\":{\"@type\":\"PropertyValueSpecification\",\"valueRequired\":true,\"valueName\":\"search_term_string\"}}],\"inLanguage\":\"es\"},{\"@type\":\"Organization\",\"@id\":\"https:\\\/\\\/egoluce-wp.com\\\/#organization\",\"name\":\"Egoluce Srl\",\"url\":\"https:\\\/\\\/egoluce-wp.com\\\/\",\"logo\":{\"@type\":\"ImageObject\",\"inLanguage\":\"es\",\"@id\":\"https:\\\/\\\/egoluce-wp.com\\\/#\\\/schema\\\/logo\\\/image\\\/\",\"url\":\"https:\\\/\\\/egoluce.com\\\/wp-content\\\/uploads\\\/2025\\\/06\\\/egoluce_new_rosso.png\",\"contentUrl\":\"https:\\\/\\\/egoluce.com\\\/wp-content\\\/uploads\\\/2025\\\/06\\\/egoluce_new_rosso.png\",\"width\":97,\"height\":112,\"caption\":\"Egoluce Srl\"},\"image\":{\"@id\":\"https:\\\/\\\/egoluce-wp.com\\\/#\\\/schema\\\/logo\\\/image\\\/\"},\"sameAs\":[\"https:\\\/\\\/www.facebook.com\\\/egoluce\\\/\",\"https:\\\/\\\/x.com\\\/egolucesrl\",\"https:\\\/\\\/www.instagram.com\\\/egolucelighting\\\/\"]}]}<\/script>\n<!-- \/ Yoast SEO plugin. -->","yoast_head_json":{"title":"Privacy Policy - Egoluce Srl","robots":{"index":"index","follow":"follow","max-snippet":"max-snippet:-1","max-image-preview":"max-image-preview:large","max-video-preview":"max-video-preview:-1"},"canonical":"https:\/\/egoluce-wp.com\/es\/privacy-policy\/","og_locale":"es_ES","og_type":"article","og_title":"Privacy Policy - Egoluce Srl","og_description":"Esta Aplicaci\u00f3n recopila algunos Datos Personales de sus Usuarios. Controlador de datos EGOLUCE srl via Newton 12 20016 Pero MI [&hellip;]","og_url":"https:\/\/egoluce-wp.com\/es\/privacy-policy\/","og_site_name":"Egoluce Srl","article_publisher":"https:\/\/www.facebook.com\/egoluce\/","article_modified_time":"2024-03-05T09:05:46+00:00","twitter_card":"summary_large_image","twitter_site":"@egolucesrl","twitter_misc":{"Tiempo de lectura":"12 minutos"},"schema":{"@context":"https:\/\/schema.org","@graph":[{"@type":"WebPage","@id":"https:\/\/egoluce-wp.com\/es\/privacy-policy\/","url":"https:\/\/egoluce-wp.com\/es\/privacy-policy\/","name":"Privacy Policy - Egoluce Srl","isPartOf":{"@id":"https:\/\/egoluce-wp.com\/#website"},"datePublished":"2023-12-12T16:56:58+00:00","dateModified":"2024-03-05T09:05:46+00:00","breadcrumb":{"@id":"https:\/\/egoluce-wp.com\/es\/privacy-policy\/#breadcrumb"},"inLanguage":"es","potentialAction":[{"@type":"ReadAction","target":["https:\/\/egoluce-wp.com\/es\/privacy-policy\/"]}]},{"@type":"BreadcrumbList","@id":"https:\/\/egoluce-wp.com\/es\/privacy-policy\/#breadcrumb","itemListElement":[{"@type":"ListItem","position":1,"name":"Home","item":"https:\/\/egoluce-wp.com\/es\/home\/"},{"@type":"ListItem","position":2,"name":"Privacy Policy"}]},{"@type":"WebSite","@id":"https:\/\/egoluce-wp.com\/#website","url":"https:\/\/egoluce-wp.com\/","name":"Egoluce","description":"","publisher":{"@id":"https:\/\/egoluce-wp.com\/#organization"},"potentialAction":[{"@type":"SearchAction","target":{"@type":"EntryPoint","urlTemplate":"https:\/\/egoluce-wp.com\/?s={search_term_string}"},"query-input":{"@type":"PropertyValueSpecification","valueRequired":true,"valueName":"search_term_string"}}],"inLanguage":"es"},{"@type":"Organization","@id":"https:\/\/egoluce-wp.com\/#organization","name":"Egoluce Srl","url":"https:\/\/egoluce-wp.com\/","logo":{"@type":"ImageObject","inLanguage":"es","@id":"https:\/\/egoluce-wp.com\/#\/schema\/logo\/image\/","url":"https:\/\/egoluce.com\/wp-content\/uploads\/2025\/06\/egoluce_new_rosso.png","contentUrl":"https:\/\/egoluce.com\/wp-content\/uploads\/2025\/06\/egoluce_new_rosso.png","width":97,"height":112,"caption":"Egoluce Srl"},"image":{"@id":"https:\/\/egoluce-wp.com\/#\/schema\/logo\/image\/"},"sameAs":["https:\/\/www.facebook.com\/egoluce\/","https:\/\/x.com\/egolucesrl","https:\/\/www.instagram.com\/egolucelighting\/"]}]}},"_links":{"self":[{"href":"https:\/\/egoluce.com\/es\/wp-json\/wp\/v2\/pages\/13543","targetHints":{"allow":["GET"]}}],"collection":[{"href":"https:\/\/egoluce.com\/es\/wp-json\/wp\/v2\/pages"}],"about":[{"href":"https:\/\/egoluce.com\/es\/wp-json\/wp\/v2\/types\/page"}],"author":[{"embeddable":true,"href":"https:\/\/egoluce.com\/es\/wp-json\/wp\/v2\/users\/4"}],"replies":[{"embeddable":true,"href":"https:\/\/egoluce.com\/es\/wp-json\/wp\/v2\/comments?post=13543"}],"version-history":[{"count":1,"href":"https:\/\/egoluce.com\/es\/wp-json\/wp\/v2\/pages\/13543\/revisions"}],"predecessor-version":[{"id":17635,"href":"https:\/\/egoluce.com\/es\/wp-json\/wp\/v2\/pages\/13543\/revisions\/17635"}],"wp:attachment":[{"href":"https:\/\/egoluce.com\/es\/wp-json\/wp\/v2\/media?parent=13543"}],"curies":[{"name":"wp","href":"https:\/\/api.w.org\/{rel}","templated":true}]}}