{"id":13541,"date":"2023-12-12T17:56:58","date_gmt":"2023-12-12T16:56:58","guid":{"rendered":"https:\/\/archas-wp.com\/privacy-policy\/"},"modified":"2024-03-04T17:28:51","modified_gmt":"2024-03-04T16:28:51","slug":"privacy-policy","status":"publish","type":"page","link":"https:\/\/egoluce.com\/fr\/privacy-policy\/","title":{"rendered":"Privacy Policy"},"content":{"rendered":"<h3>Cette Application collecte certaines Donn\u00e9es Personnelles de ses Utilisateurs.<\/h3>\n<h3>Contr\u00f4leur de donn\u00e9es<\/h3>\n<p>EGOLUCE srl<\/p>\n<p>via Newton 12 20016 Pero MI<\/p>\n<p>webmaster@egoluce.com<\/p>\n<h3>Types de donn\u00e9es collect\u00e9es<\/h3>\n<p>Le Propri\u00e9taire ne fournit pas de liste des types de Donn\u00e9es Personnelles collect\u00e9es.<br \/>\nD&#8217;autres donn\u00e9es personnelles collect\u00e9es peuvent \u00eatre indiqu\u00e9es dans d&#8217;autres sections de cette politique de confidentialit\u00e9 ou dans des textes d&#8217;information affich\u00e9s lors de la collecte des donn\u00e9es elle-m\u00eame.<br \/>\nLes Donn\u00e9es Personnelles peuvent \u00eatre saisies volontairement par l\u2019Utilisateur, ou collect\u00e9es automatiquement lors de l\u2019utilisation de cette Application.<br \/>\nToute utilisation de Cookies &#8211; ou d&#8217;autres outils de suivi &#8211; par cette Application ou par les propri\u00e9taires de services tiers utilis\u00e9s par cette Application, sauf indication contraire, a pour but d&#8217;identifier l&#8217;Utilisateur et d&#8217;enregistrer les pr\u00e9f\u00e9rences pertinentes \u00e0 des fins strictement li\u00e9es \u00e0 la fourniture. du service demand\u00e9 par l&#8217;Utilisateur.<br \/>\nLe fait que l\u2019Utilisateur ne fournisse pas certaines Donn\u00e9es Personnelles peut emp\u00eacher cette Application de fournir ses services.<br \/>\nL&#8217;Utilisateur assume la responsabilit\u00e9 des Donn\u00e9es Personnelles de tiers publi\u00e9es ou partag\u00e9es via cette Application et garantit qu&#8217;il a le droit de les communiquer ou de les diffuser, lib\u00e9rant ainsi le Propri\u00e9taire de toute responsabilit\u00e9 envers les tiers.<\/p>\n<h3>M\u00e9thode et lieu de traitement des donn\u00e9es collect\u00e9es<\/h3>\n<h4>M\u00e9thodes de traitement<\/h4>\n<p>Le Propri\u00e9taire traite les Donn\u00e9es Personnelles des Utilisateurs en adoptant des mesures de s\u00e9curit\u00e9 appropri\u00e9es visant \u00e0 emp\u00eacher l&#8217;acc\u00e8s, la divulgation, la modification ou la destruction non autoris\u00e9s des Donn\u00e9es Personnelles.<br \/>\nLe traitement est effectu\u00e9 \u00e0 l&#8217;aide d&#8217;outils informatiques et\/ou t\u00e9l\u00e9matiques, avec des modalit\u00e9s organisationnelles et avec une logique strictement li\u00e9e aux finalit\u00e9s indiqu\u00e9es. Outre le Responsable du traitement, dans certains cas, des cat\u00e9gories de responsables impliqu\u00e9s dans l&#8217;organisation du site (administrateurs administratifs, commerciaux, marketing, juridiques, administrateurs syst\u00e8me) ou des parties externes (telles que des prestataires techniques tiers, des coursiers postaux) , h\u00e9bergeurs, soci\u00e9t\u00e9s informatiques, agences de communication) \u00e9galement d\u00e9sign\u00e9s, le cas \u00e9ch\u00e9ant, comme sous-traitants par le responsable du traitement. La liste mise \u00e0 jour des Responsables peut toujours \u00eatre demand\u00e9e aupr\u00e8s du Responsable du traitement.<\/p>\n<h4>Lieu<\/h4>\n<p>Les Donn\u00e9es sont trait\u00e9es dans les bureaux op\u00e9rationnels du Propri\u00e9taire et dans tout autre lieu o\u00f9 se trouvent les parties impliqu\u00e9es dans le traitement. Pour plus d&#8217;informations, contactez le propri\u00e9taire.<\/p>\n<h4>Fois<\/h4>\n<p>Les Donn\u00e9es sont trait\u00e9es pendant le temps n\u00e9cessaire \u00e0 l&#8217;ex\u00e9cution du service demand\u00e9 par l&#8217;Utilisateur, ou requis par les finalit\u00e9s d\u00e9crites dans ce document, et l&#8217;Utilisateur peut \u00e0 tout moment demander l&#8217;interruption du Traitement ou la suppression des Donn\u00e9es.<\/p>\n<h4>Finalit\u00e9 du traitement des donn\u00e9es collect\u00e9es<\/h4>\n<p>Les Donn\u00e9es de l&#8217;Utilisateur sont collect\u00e9es pour permettre au Propri\u00e9taire de fournir ses services, ainsi qu&#8217;aux fins suivantes : Gestion des adresses et envoi de messages email.<br \/>\nLes types de Donn\u00e9es Personnelles utilis\u00e9es pour chaque finalit\u00e9 sont indiqu\u00e9s dans les sections sp\u00e9cifiques de ce document.<\/p>\n<h4>D\u00e9tails sur le traitement des donn\u00e9es personnelles<\/h4>\n<p>Les Donn\u00e9es Personnelles sont collect\u00e9es aux fins suivantes et en utilisant les services suivants :<\/p>\n<h4>Analytics<\/h4>\n<ul>\n<li>Google Analytics<br \/>\nPersonal Data: Cookie and Usage data<br \/>\nhttps:\/\/www.google.it\/policies\/privacy\/partners\/<br \/>\nhttps:\/\/tools.google.com\/dlpage\/gaoptout.<br \/>\nAnalytics collected directly<br \/>\nPersonal Data: Cookie and Usage data<br \/>\nContacting the User<br \/>\nMailing List or Newsletter<br \/>\nPersonal Data: Country, Email address, First Name, Last Name, Profession and Province<br \/>\nContact form<br \/>\nPersonal Data: Company name, Email address, First Name and Last Name<br \/>\nRegistration and authentication<br \/>\nDirect registration<br \/>\nPersonal Data: Address, City, Company name, Country, Email address, Fax number, First Name, Last Name, Password, Phone number, Profession, Province, State, Username, ZIP\/Postal code<br \/>\nInteraction with external social networks and platforms<br \/>\nGoogle+ +1 button and social widgets<br \/>\nPersonal Data: Cookie and Usage data<br \/>\nGoogle Inc. USA &#8211; Privacy Policy &#8211; Opt in<br \/>\nFacebook Like button and social widgets<br \/>\nPersonal Data: Cookie and Usage data<br \/>\nFacebook USA &#8211; Privacy Policy &#8211; More Info<br \/>\nDisplaying content from external platforms<br \/>\nGoogle Fonts<br \/>\nPersonal Data: Cookie and Usage data<br \/>\nGoogle Maps widget<br \/>\nPersonal Data: Cookie and Usage data<br \/>\nYoutube video widget<br \/>\nPersonal Data: Usage data<br \/>\nGestione database di utenti<br \/>\nHubspot CRM, Hubspot Lead Management<br \/>\nHubspot CRM e Hubspot Lead Management sono servizi distribuiti da Hubspot Inc. che utilizziamo per costruire profili utenti grazie ai dati personali inseriti dai nostri utenti ed alle loro attivit\u00e0 all&#8217;interno del nostro sito web. Questi dati raccolti potrebbero essere utilizzati per inviare e-mail programmate basate su comportamenti specifici dei nostri utenti all&#8217;interno delle pagine del nostro sito web.<br \/>\nDati personali raccolti: nome, cognome, indirizzo e-mail e varie tipologie di dati.<br \/>\nLuogo del trattamento: USA<br \/>\nhttps:\/\/legal.hubspot.com\/privacy-policy<\/li>\n<\/ul>\n<h4>D\u00e9sactiver les cookies<\/h4>\n<p>En d\u00e9sactivant certains cookies vous pourriez affecter le bon fonctionnement du site et l&#8217;affichage de certaines pages !<\/p>\n<h4>Comment d\u00e9sactiver les cookies en configurant votre navigateur<\/h4>\n<p><strong>Chrome<\/strong><\/p>\n<ul>\n<li>Ex\u00e9cutez le navigateur Chrome<\/li>\n<li>Cliquez sur le menu dans la barre d&#8217;outils du navigateur \u00e0 c\u00f4t\u00e9 de la fen\u00eatre de saisie de l&#8217;URL pour la navigation<\/li>\n<li>S\u00e9lectionnez Param\u00e8tres<\/li>\n<li>Cliquez sur Afficher les param\u00e8tres avanc\u00e9s<\/li>\n<li>Dans la section \u00ab Confidentialit\u00e9 \u00bb, cliquez sur le bouton \u00ab Param\u00e8tres de contenu \u00bb<\/li>\n<li>Dans la section \u00ab Cookies \u00bb, vous pouvez modifier les param\u00e8tres de cookies suivants :\n<ul>\n<li>Autoriser l&#8217;enregistrement local des donn\u00e9es<\/li>\n<li>Modifiez les donn\u00e9es locales uniquement jusqu&#8217;\u00e0 la fermeture du navigateur<\/li>\n<li>Emp\u00eacher les sites de d\u00e9finir des cookies<\/li>\n<li>Bloquer les cookies tiers et donn\u00e9es de site<\/li>\n<li>G\u00e9rer les exceptions pour certains sites Web<\/li>\n<li>Supprimer un ou tous les cookies<\/li>\n<li>Pour plus d\u2019informations visitez la page d\u00e9di\u00e9e.<\/li>\n<\/ul>\n<\/li>\n<\/ul>\n<p><strong>Mozilla Firefox<\/strong><\/p>\n<ul>\n<li>Ex\u00e9cutez le navigateur Mozilla Firefox<\/li>\n<li>Cliquez sur le menu dans la barre d&#8217;outils de navigation pr\u00e8s de la fen\u00eatre URL pour la navigation<\/li>\n<li>S\u00e9lectionnez les options<\/li>\n<li>S\u00e9lectionnez le panneau Confidentialit\u00e9<\/li>\n<li>Cliquez sur Afficher les param\u00e8tres avanc\u00e9s<\/li>\n<li>Dans la section \u00ab Confidentialit\u00e9 \u00bb, cliquez sur le bouton \u00ab Param\u00e8tres de contenu \u00bb<\/li>\n<li>Dans la section \u00ab Suivi \u00bb, vous pouvez modifier les param\u00e8tres de cookies suivants :\n<ul>\n<li>Demander aux sites de ne pas suivre<\/li>\n<li>Communiquez aux sites vos disponibilit\u00e9s pour \u00eatre suivi<\/li>\n<li>Ne communiquer aucune pr\u00e9f\u00e9rence concernant le suivi des donn\u00e9es personnelles<\/li>\n<li>Depuis la rubrique \u00ab Historique \u00bb vous pouvez :<\/li>\n<li>En activant \u00ab Utiliser les param\u00e8tres personnalis\u00e9s \u00bb, choisissez d&#8217;accepter les cookies tiers (toujours des sites les plus visit\u00e9s ou jamais) et de les conserver pendant une dur\u00e9e d\u00e9termin\u00e9e (jusqu&#8217;\u00e0 leur expiration, \u00e0 la fermeture de Firefox ou de les demander \u00e0 chaque fois).<\/li>\n<li>Supprimer les cookies individuels stock\u00e9s<\/li>\n<li>Pour plus d\u2019informations visitez la page d\u00e9di\u00e9e.<\/li>\n<\/ul>\n<\/li>\n<\/ul>\n<p><strong>Internet Explorer<\/strong><\/p>\n<ul>\n<li>Ex\u00e9cutez le navigateur Internet Explorer<\/li>\n<li>Cliquez sur le bouton Outils et choisissez Options Internet<\/li>\n<li>Cliquez sur l&#8217;onglet Confidentialit\u00e9 et dans la section Param\u00e8tres changez le curseur en fonction de l&#8217;action souhait\u00e9e pour les cookies :\n<ul>\n<li>Bloquer tous les cookies<\/li>\n<li>Autoriser tous les cookies<\/li>\n<li>S\u00e9lection des sites \u00e0 partir desquels obtenir des cookies : d\u00e9placez le curseur vers une position interm\u00e9diaire pour ne pas bloquer ou autoriser tous les cookies, puis appuyez sur Sites, dans la zone Adresse du site Web saisissez un site Web puis appuyez sur Bloquer ou Autoriser<\/li>\n<li>Pour plus d\u2019informations, visitez la page actuelle.<\/li>\n<\/ul>\n<\/li>\n<\/ul>\n<p><strong>Safari 6<\/strong><\/p>\n<ul>\n<li>Ex\u00e9cutez le navigateur Safari<\/li>\n<li>Cliquez sur Safari, s\u00e9lectionnez Pr\u00e9f\u00e9rences et appuyez sur Confidentialit\u00e9<\/li>\n<li>Dans la section Bloquer les cookies, pr\u00e9cisez comment Safari doit accepter les cookies des sites Web.<\/li>\n<li>Pour voir quels sites ont stock\u00e9 des cookies, cliquez sur D\u00e9tails<\/li>\n<li>Pour plus d\u2019informations, visitez la page actuelle.<\/li>\n<\/ul>\n<p><strong>Safari iOS (appareils mobiles)<\/strong><\/p>\n<ul>\n<li>Ex\u00e9cutez le navigateur iOS Safari<\/li>\n<li>Appuyez sur Param\u00e8tres puis sur Safari<\/li>\n<li>Appuyez sur Bloquer les cookies et choisissez parmi les diff\u00e9rentes options : \u00ab Jamais \u00bb, \u00ab Tiers et annonceurs \u00bb ou \u00ab Toujours \u00bb.<\/li>\n<li>Pour supprimer tous les cookies stock\u00e9s par Safari, appuyez sur Param\u00e8tres, puis sur Safari et enfin sur Effacer les cookies et les donn\u00e9es<\/li>\n<li>Pour plus d\u2019informations, visitez la page actuelle.<\/li>\n<\/ul>\n<p><strong>Opera<\/strong><\/p>\n<ul>\n<li>Ex\u00e9cutez le navigateur Opera<\/li>\n<li>Cliquez sur Pr\u00e9f\u00e9rences puis sur Avanc\u00e9 et enfin sur Cookies<\/li>\n<li>S\u00e9lectionnez l&#8217;une des options suivantes :<\/li>\n<li>Acceptez tous les cookies\n<ul>\n<li>Acceptez les cookies uniquement du site que vous visitez : les cookies tiers envoy\u00e9s depuis un domaine autre que celui que vous visitez seront rejet\u00e9s<\/li>\n<li>Ne jamais accepter les cookies : tous les cookies ne seront jamais enregistr\u00e9s<\/li>\n<\/ul>\n<\/li>\n<\/ul>\n<p>Pour plus d\u2019informations, visitez la page actuelle.<\/p>\n<h3>En savoir plus sur le traitement<\/h3>\n<h4>D\u00e9fense devant le tribunal<\/h4>\n<p>Les donn\u00e9es personnelles de l&#8217;utilisateur peuvent \u00eatre utilis\u00e9es pour la d\u00e9fense du propri\u00e9taire devant les tribunaux ou dans les \u00e9tapes pr\u00e9paratoires de son \u00e9ventuelle cr\u00e9ation, contre des abus dans l&#8217;utilisation des m\u00eames services ou des services connexes par l&#8217;utilisateur.<br \/>\nL&#8217;Utilisateur d\u00e9clare \u00eatre conscient que le Propri\u00e9taire peut \u00eatre amen\u00e9 \u00e0 divulguer les Donn\u00e9es \u00e0 la demande des autorit\u00e9s publiques.<\/p>\n<h4>Information sp\u00e9cifique<\/h4>\n<p>\u00c0 la demande de l&#8217;Utilisateur, en plus des informations contenues dans cette politique de confidentialit\u00e9, cette Application peut fournir \u00e0 l&#8217;Utilisateur des informations suppl\u00e9mentaires et contextuelles concernant des services sp\u00e9cifiques, ou la collecte et le traitement des Donn\u00e9es Personnelles.<\/p>\n<h4>Journaux syst\u00e8me et maintenance<\/h4>\n<p>Pour les besoins li\u00e9s \u00e0 l&#8217;exploitation et \u00e0 la maintenance, cette Application et tout service tiers qu&#8217;elle utilise peuvent collecter des journaux syst\u00e8me, c&#8217;est-\u00e0-dire des fichiers qui enregistrent les interactions et qui peuvent \u00e9galement contenir des Donn\u00e9es personnelles, telles que l&#8217;adresse IP de l&#8217;Utilisateur.<\/p>\n<h4>Informations non contenues dans cette politique<\/h4>\n<p>Des informations compl\u00e9mentaires concernant le traitement des donn\u00e9es personnelles peuvent \u00eatre demand\u00e9es \u00e0 tout moment au responsable du traitement en utilisant les coordonn\u00e9es.<\/p>\n<p>Exercice des droits par les Utilisateurs<br \/>\nLes sujets auxquels se r\u00e9f\u00e8rent les donn\u00e9es personnelles ont le droit \u00e0 tout moment d&#8217;obtenir la confirmation de l&#8217;existence ou non de celles-ci aupr\u00e8s du responsable du traitement, de conna\u00eetre leur contenu et leur origine, de v\u00e9rifier leur exactitude ou de demander leur int\u00e9gration, l&#8217;annulation, la mise \u00e0 jour. , rectification, transformation sous forme anonyme ou blocage des Donn\u00e9es Personnelles trait\u00e9es en violation de la loi, ainsi que de s&#8217;opposer en tout cas, pour des raisons l\u00e9gitimes, \u00e0 leur traitement. Les demandes doivent \u00eatre adress\u00e9es au responsable du traitement.<\/p>\n<p>Cette application ne prend pas en charge les demandes \u00ab Do Not Track \u00bb. Pour savoir si des services tiers utilis\u00e9s les prennent en charge, consultez leurs politiques de confidentialit\u00e9.<\/p>\n<h4>Modifications de cette politique de confidentialit\u00e9<\/h4>\n<p>Le responsable du traitement se r\u00e9serve le droit d&#8217;apporter des modifications \u00e0 cette politique de confidentialit\u00e9 \u00e0 tout moment en les communiquant aux utilisateurs sur cette page. Merci donc de consulter souvent cette page en prenant comme r\u00e9f\u00e9rence la date de derni\u00e8re modification indiqu\u00e9e en bas. En cas de non-acceptation des modifications apport\u00e9es \u00e0 cette politique de confidentialit\u00e9, l&#8217;Utilisateur est tenu de cesser d&#8217;utiliser cette Application et peut demander au Responsable du traitement de supprimer ses Donn\u00e9es personnelles. Sauf indication contraire, la politique de confidentialit\u00e9 pr\u00e9c\u00e9dente continuera de s&#8217;appliquer aux donn\u00e9es personnelles collect\u00e9es jusqu&#8217;\u00e0 ce moment-l\u00e0.<\/p>\n<h3>D\u00e9finitions et r\u00e9f\u00e9rences juridiques<\/h3>\n<h4>Donn\u00e9es personnelles (ou donn\u00e9es)<\/h4>\n<p>Toute information relative \u00e0 une personne physique, identifi\u00e9e ou identifiable, m\u00eame indirectement, par r\u00e9f\u00e9rence \u00e0 toute autre information, notamment un num\u00e9ro d&#8217;identification personnel, constitue une donn\u00e9e \u00e0 caract\u00e8re personnel.<\/p>\n<h4>Des donn\u00e9es d&#8217;utilisation<\/h4>\n<p>Il s&#8217;agit des informations collect\u00e9es automatiquement par cette Application (ou par des applications tierces que cette Application utilise), notamment : les adresses IP ou noms de domaine des ordinateurs utilis\u00e9s par l&#8217;Utilisateur qui se connecte \u00e0 cette Application, les adresses en URI (Uniform Resource Notation Identifiant), l&#8217;heure de la requ\u00eate, la m\u00e9thode utilis\u00e9e pour soumettre la requ\u00eate au serveur, la taille du fichier obtenu en r\u00e9ponse, le code num\u00e9rique indiquant l&#8217;\u00e9tat de la r\u00e9ponse du serveur (r\u00e9ussite, erreur, etc. . ) le pays d&#8217;origine, les caract\u00e9ristiques du navigateur et du syst\u00e8me d&#8217;exploitation utilis\u00e9 par le visiteur, les diff\u00e9rentes connotations temporelles de la visite (par exemple le temps pass\u00e9 sur chaque page) et les d\u00e9tails relatifs \u00e0 l&#8217;itin\u00e9raire suivi au sein de l&#8217;Application, avec r\u00e9f\u00e9rence particuli\u00e8re \u00e0 l&#8217;encha\u00eenement des pages consult\u00e9es, aux param\u00e8tres relatifs au syst\u00e8me d&#8217;exploitation et \u00e0 l&#8217;environnement informatique de l&#8217;Utilisateur.<\/p>\n<h4>Utilisateur<\/h4>\n<p>La personne qui utilise cette Application, qui doit co\u00efncider avec l&#8217;int\u00e9ress\u00e9 ou \u00eatre autoris\u00e9e par lui et dont les Donn\u00e9es Personnelles sont en cours de traitement.<\/p>\n<h4>Int\u00e9ress\u00e9<\/h4>\n<p>La personne physique ou morale \u00e0 laquelle les Donn\u00e9es Personnelles se r\u00e9f\u00e8rent.<\/p>\n<h4>Responsable du traitement (ou gestionnaire)<\/h4>\n<p>La personne physique, la personne morale, l&#8217;administration publique et tout autre organisme, association ou organisation d\u00e9sign\u00e9 par le responsable du traitement pour traiter les donn\u00e9es personnelles, comme indiqu\u00e9 dans la pr\u00e9sente politique de confidentialit\u00e9.<\/p>\n<h4>Responsable du traitement (ou responsable du traitement)<\/h4>\n<p>La personne physique, la personne morale, l&#8217;administration publique et tout autre organisme, association ou organisation responsable, m\u00eame conjointement avec un autre propri\u00e9taire, des d\u00e9cisions concernant les finalit\u00e9s, les modalit\u00e9s de traitement des donn\u00e9es personnelles et les outils utilis\u00e9s, y compris le profil de s\u00e9curit\u00e9. , en relation avec le fonctionnement et l&#8217;utilisation de cette Application. Le responsable du traitement, sauf indication contraire, est le propri\u00e9taire de cette application.<\/p>\n<h4>Cette application<\/h4>\n<p>L&#8217;outil mat\u00e9riel ou logiciel par lequel les donn\u00e9es personnelles des utilisateurs sont collect\u00e9es.<\/p>\n<h4>R\u00e9f\u00e9rences juridiques<\/h4>\n<p>Avis aux utilisateurs europ\u00e9ens : cette politique de confidentialit\u00e9 a \u00e9t\u00e9 r\u00e9dig\u00e9e dans le respect des obligations \u00e9nonc\u00e9es \u00e0 l&#8217;art. 10 de la Directive no. 95\/46\/CE, ainsi que les dispositions de la directive 2002\/58\/CE, telle que mise \u00e0 jour par la directive 2009\/136\/CE, concernant les cookies.<br \/>\nCette politique de confidentialit\u00e9 s\u2019applique exclusivement \u00e0 cette Application.<\/p>\n","protected":false},"excerpt":{"rendered":"<p>Cette Application collecte certaines Donn\u00e9es Personnelles de ses Utilisateurs. Contr\u00f4leur de donn\u00e9es EGOLUCE srl via Newton 12 20016 Pero MI [&hellip;]<\/p>\n","protected":false},"author":4,"featured_media":0,"parent":0,"menu_order":0,"comment_status":"closed","ping_status":"closed","template":"templates\/template-policy.php","meta":{"_acf_changed":false,"footnotes":""},"class_list":["post-13541","page","type-page","status-publish","hentry"],"acf":[],"yoast_head":"<!-- This site is optimized with the Yoast SEO plugin v27.3 - https:\/\/yoast.com\/product\/yoast-seo-wordpress\/ -->\n<title>Privacy Policy - Egoluce Srl<\/title>\n<meta name=\"robots\" content=\"index, follow, max-snippet:-1, max-image-preview:large, max-video-preview:-1\" \/>\n<link rel=\"canonical\" href=\"https:\/\/egoluce-wp.com\/fr\/privacy-policy\/\" \/>\n<meta property=\"og:locale\" content=\"fr_FR\" \/>\n<meta property=\"og:type\" content=\"article\" \/>\n<meta property=\"og:title\" content=\"Privacy Policy - Egoluce Srl\" \/>\n<meta property=\"og:description\" content=\"Cette Application collecte certaines Donn\u00e9es Personnelles de ses Utilisateurs. Contr\u00f4leur de donn\u00e9es EGOLUCE srl via Newton 12 20016 Pero MI [&hellip;]\" \/>\n<meta property=\"og:url\" content=\"https:\/\/egoluce-wp.com\/fr\/privacy-policy\/\" \/>\n<meta property=\"og:site_name\" content=\"Egoluce Srl\" \/>\n<meta property=\"article:publisher\" content=\"https:\/\/www.facebook.com\/egoluce\/\" \/>\n<meta property=\"article:modified_time\" content=\"2024-03-04T16:28:51+00:00\" \/>\n<meta name=\"twitter:card\" content=\"summary_large_image\" \/>\n<meta name=\"twitter:site\" content=\"@egolucesrl\" \/>\n<meta name=\"twitter:label1\" content=\"Dur\u00e9e de lecture estim\u00e9e\" \/>\n\t<meta name=\"twitter:data1\" content=\"12 minutes\" \/>\n<script type=\"application\/ld+json\" class=\"yoast-schema-graph\">{\"@context\":\"https:\\\/\\\/schema.org\",\"@graph\":[{\"@type\":\"WebPage\",\"@id\":\"https:\\\/\\\/egoluce-wp.com\\\/fr\\\/privacy-policy\\\/\",\"url\":\"https:\\\/\\\/egoluce-wp.com\\\/fr\\\/privacy-policy\\\/\",\"name\":\"Privacy Policy - Egoluce Srl\",\"isPartOf\":{\"@id\":\"https:\\\/\\\/egoluce-wp.com\\\/#website\"},\"datePublished\":\"2023-12-12T16:56:58+00:00\",\"dateModified\":\"2024-03-04T16:28:51+00:00\",\"breadcrumb\":{\"@id\":\"https:\\\/\\\/egoluce-wp.com\\\/fr\\\/privacy-policy\\\/#breadcrumb\"},\"inLanguage\":\"fr-FR\",\"potentialAction\":[{\"@type\":\"ReadAction\",\"target\":[\"https:\\\/\\\/egoluce-wp.com\\\/fr\\\/privacy-policy\\\/\"]}]},{\"@type\":\"BreadcrumbList\",\"@id\":\"https:\\\/\\\/egoluce-wp.com\\\/fr\\\/privacy-policy\\\/#breadcrumb\",\"itemListElement\":[{\"@type\":\"ListItem\",\"position\":1,\"name\":\"Home\",\"item\":\"https:\\\/\\\/egoluce-wp.com\\\/fr\\\/home\\\/\"},{\"@type\":\"ListItem\",\"position\":2,\"name\":\"Privacy Policy\"}]},{\"@type\":\"WebSite\",\"@id\":\"https:\\\/\\\/egoluce-wp.com\\\/#website\",\"url\":\"https:\\\/\\\/egoluce-wp.com\\\/\",\"name\":\"Egoluce\",\"description\":\"\",\"publisher\":{\"@id\":\"https:\\\/\\\/egoluce-wp.com\\\/#organization\"},\"potentialAction\":[{\"@type\":\"SearchAction\",\"target\":{\"@type\":\"EntryPoint\",\"urlTemplate\":\"https:\\\/\\\/egoluce-wp.com\\\/?s={search_term_string}\"},\"query-input\":{\"@type\":\"PropertyValueSpecification\",\"valueRequired\":true,\"valueName\":\"search_term_string\"}}],\"inLanguage\":\"fr-FR\"},{\"@type\":\"Organization\",\"@id\":\"https:\\\/\\\/egoluce-wp.com\\\/#organization\",\"name\":\"Egoluce Srl\",\"url\":\"https:\\\/\\\/egoluce-wp.com\\\/\",\"logo\":{\"@type\":\"ImageObject\",\"inLanguage\":\"fr-FR\",\"@id\":\"https:\\\/\\\/egoluce-wp.com\\\/#\\\/schema\\\/logo\\\/image\\\/\",\"url\":\"https:\\\/\\\/egoluce.com\\\/wp-content\\\/uploads\\\/2025\\\/06\\\/egoluce_new_rosso.png\",\"contentUrl\":\"https:\\\/\\\/egoluce.com\\\/wp-content\\\/uploads\\\/2025\\\/06\\\/egoluce_new_rosso.png\",\"width\":97,\"height\":112,\"caption\":\"Egoluce Srl\"},\"image\":{\"@id\":\"https:\\\/\\\/egoluce-wp.com\\\/#\\\/schema\\\/logo\\\/image\\\/\"},\"sameAs\":[\"https:\\\/\\\/www.facebook.com\\\/egoluce\\\/\",\"https:\\\/\\\/x.com\\\/egolucesrl\",\"https:\\\/\\\/www.instagram.com\\\/egolucelighting\\\/\"]}]}<\/script>\n<!-- \/ Yoast SEO plugin. -->","yoast_head_json":{"title":"Privacy Policy - Egoluce Srl","robots":{"index":"index","follow":"follow","max-snippet":"max-snippet:-1","max-image-preview":"max-image-preview:large","max-video-preview":"max-video-preview:-1"},"canonical":"https:\/\/egoluce-wp.com\/fr\/privacy-policy\/","og_locale":"fr_FR","og_type":"article","og_title":"Privacy Policy - Egoluce Srl","og_description":"Cette Application collecte certaines Donn\u00e9es Personnelles de ses Utilisateurs. Contr\u00f4leur de donn\u00e9es EGOLUCE srl via Newton 12 20016 Pero MI [&hellip;]","og_url":"https:\/\/egoluce-wp.com\/fr\/privacy-policy\/","og_site_name":"Egoluce Srl","article_publisher":"https:\/\/www.facebook.com\/egoluce\/","article_modified_time":"2024-03-04T16:28:51+00:00","twitter_card":"summary_large_image","twitter_site":"@egolucesrl","twitter_misc":{"Dur\u00e9e de lecture estim\u00e9e":"12 minutes"},"schema":{"@context":"https:\/\/schema.org","@graph":[{"@type":"WebPage","@id":"https:\/\/egoluce-wp.com\/fr\/privacy-policy\/","url":"https:\/\/egoluce-wp.com\/fr\/privacy-policy\/","name":"Privacy Policy - Egoluce Srl","isPartOf":{"@id":"https:\/\/egoluce-wp.com\/#website"},"datePublished":"2023-12-12T16:56:58+00:00","dateModified":"2024-03-04T16:28:51+00:00","breadcrumb":{"@id":"https:\/\/egoluce-wp.com\/fr\/privacy-policy\/#breadcrumb"},"inLanguage":"fr-FR","potentialAction":[{"@type":"ReadAction","target":["https:\/\/egoluce-wp.com\/fr\/privacy-policy\/"]}]},{"@type":"BreadcrumbList","@id":"https:\/\/egoluce-wp.com\/fr\/privacy-policy\/#breadcrumb","itemListElement":[{"@type":"ListItem","position":1,"name":"Home","item":"https:\/\/egoluce-wp.com\/fr\/home\/"},{"@type":"ListItem","position":2,"name":"Privacy Policy"}]},{"@type":"WebSite","@id":"https:\/\/egoluce-wp.com\/#website","url":"https:\/\/egoluce-wp.com\/","name":"Egoluce","description":"","publisher":{"@id":"https:\/\/egoluce-wp.com\/#organization"},"potentialAction":[{"@type":"SearchAction","target":{"@type":"EntryPoint","urlTemplate":"https:\/\/egoluce-wp.com\/?s={search_term_string}"},"query-input":{"@type":"PropertyValueSpecification","valueRequired":true,"valueName":"search_term_string"}}],"inLanguage":"fr-FR"},{"@type":"Organization","@id":"https:\/\/egoluce-wp.com\/#organization","name":"Egoluce Srl","url":"https:\/\/egoluce-wp.com\/","logo":{"@type":"ImageObject","inLanguage":"fr-FR","@id":"https:\/\/egoluce-wp.com\/#\/schema\/logo\/image\/","url":"https:\/\/egoluce.com\/wp-content\/uploads\/2025\/06\/egoluce_new_rosso.png","contentUrl":"https:\/\/egoluce.com\/wp-content\/uploads\/2025\/06\/egoluce_new_rosso.png","width":97,"height":112,"caption":"Egoluce Srl"},"image":{"@id":"https:\/\/egoluce-wp.com\/#\/schema\/logo\/image\/"},"sameAs":["https:\/\/www.facebook.com\/egoluce\/","https:\/\/x.com\/egolucesrl","https:\/\/www.instagram.com\/egolucelighting\/"]}]}},"_links":{"self":[{"href":"https:\/\/egoluce.com\/fr\/wp-json\/wp\/v2\/pages\/13541","targetHints":{"allow":["GET"]}}],"collection":[{"href":"https:\/\/egoluce.com\/fr\/wp-json\/wp\/v2\/pages"}],"about":[{"href":"https:\/\/egoluce.com\/fr\/wp-json\/wp\/v2\/types\/page"}],"author":[{"embeddable":true,"href":"https:\/\/egoluce.com\/fr\/wp-json\/wp\/v2\/users\/4"}],"replies":[{"embeddable":true,"href":"https:\/\/egoluce.com\/fr\/wp-json\/wp\/v2\/comments?post=13541"}],"version-history":[{"count":1,"href":"https:\/\/egoluce.com\/fr\/wp-json\/wp\/v2\/pages\/13541\/revisions"}],"predecessor-version":[{"id":17632,"href":"https:\/\/egoluce.com\/fr\/wp-json\/wp\/v2\/pages\/13541\/revisions\/17632"}],"wp:attachment":[{"href":"https:\/\/egoluce.com\/fr\/wp-json\/wp\/v2\/media?parent=13541"}],"curies":[{"name":"wp","href":"https:\/\/api.w.org\/{rel}","templated":true}]}}