{"id":13565,"date":"2023-12-12T17:29:44","date_gmt":"2023-12-12T16:29:44","guid":{"rendered":"https:\/\/archas-wp.com\/services\/"},"modified":"2023-12-12T17:29:44","modified_gmt":"2023-12-12T16:29:44","slug":"services","status":"publish","type":"page","link":"https:\/\/egoluce.com\/fr\/services\/","title":{"rendered":"Services"},"content":{"rendered":"<p>Egoluce est une entreprise d&#8217;\u00e9clairage leader, sp\u00e9cialis\u00e9e dans la cr\u00e9ation de projets d&#8217;\u00e9clairage avanc\u00e9s et de positionnement strat\u00e9gique \u00e0 l&#8217;aide du logiciel de conception professionnel DIALux. Nous proposons des conseils sur site et en ligne, garantissant des solutions personnalis\u00e9es. Notre engagement va au-del\u00e0 de la vente, avec des services avant et apr\u00e8s-vente, fournissant une assistance technique pour les produits standards et personnalis\u00e9s. Egoluce allie innovation, qualit\u00e9 et fiabilit\u00e9, vous offrant un accompagnement complet \u00e0 chaque \u00e9tape de votre projet d&#8217;\u00e9clairage.<\/p>\n","protected":false},"excerpt":{"rendered":"<p>Egoluce est une entreprise d&#8217;\u00e9clairage leader, sp\u00e9cialis\u00e9e dans la cr\u00e9ation de projets d&#8217;\u00e9clairage avanc\u00e9s et de positionnement strat\u00e9gique \u00e0 l&#8217;aide [&hellip;]<\/p>\n","protected":false},"author":4,"featured_media":0,"parent":0,"menu_order":0,"comment_status":"closed","ping_status":"closed","template":"templates\/template-services.php","meta":{"_acf_changed":false,"footnotes":""},"class_list":["post-13565","page","type-page","status-publish","hentry"],"acf":[],"yoast_head":"<!-- This site is optimized with the Yoast SEO plugin v27.3 - https:\/\/yoast.com\/product\/yoast-seo-wordpress\/ -->\n<title>Services - Egoluce Srl<\/title>\n<meta name=\"robots\" content=\"index, follow, max-snippet:-1, max-image-preview:large, max-video-preview:-1\" \/>\n<link rel=\"canonical\" href=\"https:\/\/egoluce-wp.com\/fr\/services\/\" \/>\n<meta property=\"og:locale\" content=\"fr_FR\" \/>\n<meta property=\"og:type\" content=\"article\" \/>\n<meta property=\"og:title\" content=\"Services - Egoluce Srl\" \/>\n<meta property=\"og:description\" content=\"Egoluce est une entreprise d&#8217;\u00e9clairage leader, sp\u00e9cialis\u00e9e dans la cr\u00e9ation de projets d&#8217;\u00e9clairage avanc\u00e9s et de positionnement strat\u00e9gique \u00e0 l&#8217;aide [&hellip;]\" \/>\n<meta property=\"og:url\" content=\"https:\/\/egoluce-wp.com\/fr\/services\/\" \/>\n<meta property=\"og:site_name\" content=\"Egoluce Srl\" \/>\n<meta property=\"article:publisher\" content=\"https:\/\/www.facebook.com\/egoluce\/\" \/>\n<meta name=\"twitter:card\" content=\"summary_large_image\" \/>\n<meta name=\"twitter:site\" content=\"@egolucesrl\" \/>\n<script type=\"application\/ld+json\" class=\"yoast-schema-graph\">{\"@context\":\"https:\\\/\\\/schema.org\",\"@graph\":[{\"@type\":\"WebPage\",\"@id\":\"https:\\\/\\\/egoluce-wp.com\\\/fr\\\/services\\\/\",\"url\":\"https:\\\/\\\/egoluce-wp.com\\\/fr\\\/services\\\/\",\"name\":\"Services - Egoluce Srl\",\"isPartOf\":{\"@id\":\"https:\\\/\\\/egoluce-wp.com\\\/#website\"},\"datePublished\":\"2023-12-12T16:29:44+00:00\",\"breadcrumb\":{\"@id\":\"https:\\\/\\\/egoluce-wp.com\\\/fr\\\/services\\\/#breadcrumb\"},\"inLanguage\":\"fr-FR\",\"potentialAction\":[{\"@type\":\"ReadAction\",\"target\":[\"https:\\\/\\\/egoluce-wp.com\\\/fr\\\/services\\\/\"]}]},{\"@type\":\"BreadcrumbList\",\"@id\":\"https:\\\/\\\/egoluce-wp.com\\\/fr\\\/services\\\/#breadcrumb\",\"itemListElement\":[{\"@type\":\"ListItem\",\"position\":1,\"name\":\"Home\",\"item\":\"https:\\\/\\\/egoluce-wp.com\\\/fr\\\/home\\\/\"},{\"@type\":\"ListItem\",\"position\":2,\"name\":\"Services\"}]},{\"@type\":\"WebSite\",\"@id\":\"https:\\\/\\\/egoluce-wp.com\\\/#website\",\"url\":\"https:\\\/\\\/egoluce-wp.com\\\/\",\"name\":\"Egoluce\",\"description\":\"\",\"publisher\":{\"@id\":\"https:\\\/\\\/egoluce-wp.com\\\/#organization\"},\"potentialAction\":[{\"@type\":\"SearchAction\",\"target\":{\"@type\":\"EntryPoint\",\"urlTemplate\":\"https:\\\/\\\/egoluce-wp.com\\\/?s={search_term_string}\"},\"query-input\":{\"@type\":\"PropertyValueSpecification\",\"valueRequired\":true,\"valueName\":\"search_term_string\"}}],\"inLanguage\":\"fr-FR\"},{\"@type\":\"Organization\",\"@id\":\"https:\\\/\\\/egoluce-wp.com\\\/#organization\",\"name\":\"Egoluce Srl\",\"url\":\"https:\\\/\\\/egoluce-wp.com\\\/\",\"logo\":{\"@type\":\"ImageObject\",\"inLanguage\":\"fr-FR\",\"@id\":\"https:\\\/\\\/egoluce-wp.com\\\/#\\\/schema\\\/logo\\\/image\\\/\",\"url\":\"https:\\\/\\\/egoluce.com\\\/wp-content\\\/uploads\\\/2025\\\/06\\\/egoluce_new_rosso.png\",\"contentUrl\":\"https:\\\/\\\/egoluce.com\\\/wp-content\\\/uploads\\\/2025\\\/06\\\/egoluce_new_rosso.png\",\"width\":97,\"height\":112,\"caption\":\"Egoluce Srl\"},\"image\":{\"@id\":\"https:\\\/\\\/egoluce-wp.com\\\/#\\\/schema\\\/logo\\\/image\\\/\"},\"sameAs\":[\"https:\\\/\\\/www.facebook.com\\\/egoluce\\\/\",\"https:\\\/\\\/x.com\\\/egolucesrl\",\"https:\\\/\\\/www.instagram.com\\\/egolucelighting\\\/\"]}]}<\/script>\n<!-- \/ Yoast SEO plugin. -->","yoast_head_json":{"title":"Services - Egoluce Srl","robots":{"index":"index","follow":"follow","max-snippet":"max-snippet:-1","max-image-preview":"max-image-preview:large","max-video-preview":"max-video-preview:-1"},"canonical":"https:\/\/egoluce-wp.com\/fr\/services\/","og_locale":"fr_FR","og_type":"article","og_title":"Services - Egoluce Srl","og_description":"Egoluce est une entreprise d&#8217;\u00e9clairage leader, sp\u00e9cialis\u00e9e dans la cr\u00e9ation de projets d&#8217;\u00e9clairage avanc\u00e9s et de positionnement strat\u00e9gique \u00e0 l&#8217;aide [&hellip;]","og_url":"https:\/\/egoluce-wp.com\/fr\/services\/","og_site_name":"Egoluce Srl","article_publisher":"https:\/\/www.facebook.com\/egoluce\/","twitter_card":"summary_large_image","twitter_site":"@egolucesrl","schema":{"@context":"https:\/\/schema.org","@graph":[{"@type":"WebPage","@id":"https:\/\/egoluce-wp.com\/fr\/services\/","url":"https:\/\/egoluce-wp.com\/fr\/services\/","name":"Services - Egoluce Srl","isPartOf":{"@id":"https:\/\/egoluce-wp.com\/#website"},"datePublished":"2023-12-12T16:29:44+00:00","breadcrumb":{"@id":"https:\/\/egoluce-wp.com\/fr\/services\/#breadcrumb"},"inLanguage":"fr-FR","potentialAction":[{"@type":"ReadAction","target":["https:\/\/egoluce-wp.com\/fr\/services\/"]}]},{"@type":"BreadcrumbList","@id":"https:\/\/egoluce-wp.com\/fr\/services\/#breadcrumb","itemListElement":[{"@type":"ListItem","position":1,"name":"Home","item":"https:\/\/egoluce-wp.com\/fr\/home\/"},{"@type":"ListItem","position":2,"name":"Services"}]},{"@type":"WebSite","@id":"https:\/\/egoluce-wp.com\/#website","url":"https:\/\/egoluce-wp.com\/","name":"Egoluce","description":"","publisher":{"@id":"https:\/\/egoluce-wp.com\/#organization"},"potentialAction":[{"@type":"SearchAction","target":{"@type":"EntryPoint","urlTemplate":"https:\/\/egoluce-wp.com\/?s={search_term_string}"},"query-input":{"@type":"PropertyValueSpecification","valueRequired":true,"valueName":"search_term_string"}}],"inLanguage":"fr-FR"},{"@type":"Organization","@id":"https:\/\/egoluce-wp.com\/#organization","name":"Egoluce Srl","url":"https:\/\/egoluce-wp.com\/","logo":{"@type":"ImageObject","inLanguage":"fr-FR","@id":"https:\/\/egoluce-wp.com\/#\/schema\/logo\/image\/","url":"https:\/\/egoluce.com\/wp-content\/uploads\/2025\/06\/egoluce_new_rosso.png","contentUrl":"https:\/\/egoluce.com\/wp-content\/uploads\/2025\/06\/egoluce_new_rosso.png","width":97,"height":112,"caption":"Egoluce Srl"},"image":{"@id":"https:\/\/egoluce-wp.com\/#\/schema\/logo\/image\/"},"sameAs":["https:\/\/www.facebook.com\/egoluce\/","https:\/\/x.com\/egolucesrl","https:\/\/www.instagram.com\/egolucelighting\/"]}]}},"_links":{"self":[{"href":"https:\/\/egoluce.com\/fr\/wp-json\/wp\/v2\/pages\/13565","targetHints":{"allow":["GET"]}}],"collection":[{"href":"https:\/\/egoluce.com\/fr\/wp-json\/wp\/v2\/pages"}],"about":[{"href":"https:\/\/egoluce.com\/fr\/wp-json\/wp\/v2\/types\/page"}],"author":[{"embeddable":true,"href":"https:\/\/egoluce.com\/fr\/wp-json\/wp\/v2\/users\/4"}],"replies":[{"embeddable":true,"href":"https:\/\/egoluce.com\/fr\/wp-json\/wp\/v2\/comments?post=13565"}],"version-history":[{"count":0,"href":"https:\/\/egoluce.com\/fr\/wp-json\/wp\/v2\/pages\/13565\/revisions"}],"wp:attachment":[{"href":"https:\/\/egoluce.com\/fr\/wp-json\/wp\/v2\/media?parent=13565"}],"curies":[{"name":"wp","href":"https:\/\/api.w.org\/{rel}","templated":true}]}}